{"id":385,"date":"2025-11-14T11:24:46","date_gmt":"2025-11-14T18:24:46","guid":{"rendered":"https:\/\/grupo-28.playaprojects.com\/?page_id=385"},"modified":"2025-11-14T11:41:07","modified_gmt":"2025-11-14T18:41:07","slug":"nosotros","status":"publish","type":"page","link":"https:\/\/grupo-28.com\/en\/nosotros\/","title":{"rendered":"Nosotros"},"content":{"rendered":"<div data-elementor-type=\"wp-page\" data-elementor-id=\"385\" class=\"elementor elementor-385\">\n\t\t\t\t<div class=\"elementor-element elementor-element-f9e8a86 e-flex e-con-boxed e-con e-parent\" data-id=\"f9e8a86\" data-element_type=\"container\" data-settings=\"{&quot;background_background&quot;:&quot;classic&quot;}\">\n\t\t\t\t\t<div class=\"e-con-inner\">\n\t\t\t\t<div class=\"elementor-element elementor-element-3afbd20 elementor-widget elementor-widget-text-editor\" data-id=\"3afbd20\" data-element_type=\"widget\" data-widget_type=\"text-editor.default\">\n\t\t\t\t\t\t\t\t\t<p>About us<\/p>\t\t\t\t\t\t\t\t<\/div>\n\t\t\t\t<div class=\"elementor-element elementor-element-ded0fc3 elementor-widget elementor-widget-text-editor\" data-id=\"ded0fc3\" data-element_type=\"widget\" data-widget_type=\"text-editor.default\">\n\t\t\t\t\t\t\t\t\t<p>At Grupo 28, we are proud to offer a unique real estate experience in Playa del Carmen, Mexico.<\/p><p>Our commitment to innovation constantly redefines the standards of excellence in the sector. We stand out for providing our clients with the opportunity to invest at the optimal time, maximizing the growth and profitability potential in the real estate market.<\/p><p>Our properties not only represent a sound investment, but are also synonymous with guaranteed appreciation. Each project we develop is meticulously designed to integrate harmoniously with the natural and cultural environment of Playa del Carmen, highlighting its unique beauty and distinctive lifestyle.<\/p>\t\t\t\t\t\t\t\t<\/div>\n\t\t\t\t\t<\/div>\n\t\t\t\t<\/div>\n\t\t<div class=\"elementor-element elementor-element-4397330 e-con-full e-flex e-con e-parent\" data-id=\"4397330\" data-element_type=\"container\" data-settings=\"{&quot;background_background&quot;:&quot;classic&quot;}\">\n\t\t<div class=\"elementor-element elementor-element-8a73fde e-con-full e-flex e-con e-child\" data-id=\"8a73fde\" data-element_type=\"container\">\n\t\t\t\t<div class=\"elementor-element elementor-element-fda60c6 elementor-widget elementor-widget-image\" data-id=\"fda60c6\" data-element_type=\"widget\" data-widget_type=\"image.default\">\n\t\t\t\t\t\t\t\t\t\t\t\t\t\t\t<img fetchpriority=\"high\" decoding=\"async\" width=\"850\" height=\"400\" src=\"https:\/\/grupo-28.com\/wp-content\/uploads\/nosotros_9.webp\" class=\"attachment-large size-large wp-image-84\" alt=\"\" \/>\t\t\t\t\t\t\t\t\t\t\t\t\t\t\t<\/div>\n\t\t\t\t<\/div>\n\t\t<div class=\"elementor-element elementor-element-cc3bff7 e-con-full e-flex e-con e-child\" data-id=\"cc3bff7\" data-element_type=\"container\">\n\t\t\t\t<div class=\"elementor-element elementor-element-dcf47fd elementor-widget elementor-widget-image\" data-id=\"dcf47fd\" data-element_type=\"widget\" data-widget_type=\"image.default\">\n\t\t\t\t\t\t\t\t\t\t\t\t\t\t\t<img decoding=\"async\" width=\"800\" height=\"900\" src=\"https:\/\/grupo-28.com\/wp-content\/uploads\/nosotros_7.webp\" class=\"attachment-large size-large wp-image-89\" alt=\"\" \/>\t\t\t\t\t\t\t\t\t\t\t\t\t\t\t<\/div>\n\t\t\t\t<\/div>\n\t\t<div class=\"elementor-element elementor-element-a4bf996 e-con-full e-flex e-con e-child\" data-id=\"a4bf996\" data-element_type=\"container\">\n\t\t\t\t<div class=\"elementor-element elementor-element-b938c38 elementor-widget elementor-widget-image\" data-id=\"b938c38\" data-element_type=\"widget\" data-widget_type=\"image.default\">\n\t\t\t\t\t\t\t\t\t\t\t\t\t\t\t<img decoding=\"async\" width=\"500\" height=\"500\" src=\"https:\/\/grupo-28.com\/wp-content\/uploads\/nosotros_1.webp\" class=\"attachment-large size-large wp-image-85\" alt=\"\" \/>\t\t\t\t\t\t\t\t\t\t\t\t\t\t\t<\/div>\n\t\t\t\t<\/div>\n\t\t\t\t<\/div>\n\t\t<div class=\"elementor-element elementor-element-6a8950b e-con-full e-flex e-con e-parent\" data-id=\"6a8950b\" data-element_type=\"container\" data-settings=\"{&quot;background_background&quot;:&quot;classic&quot;}\">\n\t\t<div class=\"elementor-element elementor-element-cd50b25 e-con-full e-flex e-con e-child\" data-id=\"cd50b25\" data-element_type=\"container\">\n\t\t\t\t<div class=\"elementor-element elementor-element-ea05b29 elementor-widget elementor-widget-image\" data-id=\"ea05b29\" data-element_type=\"widget\" data-widget_type=\"image.default\">\n\t\t\t\t\t\t\t\t\t\t\t\t\t\t\t<img loading=\"lazy\" decoding=\"async\" width=\"500\" height=\"500\" src=\"https:\/\/grupo-28.com\/wp-content\/uploads\/nosotros_3.webp\" class=\"attachment-large size-large wp-image-86\" alt=\"\" \/>\t\t\t\t\t\t\t\t\t\t\t\t\t\t\t<\/div>\n\t\t\t\t<\/div>\n\t\t<div class=\"elementor-element elementor-element-bc17253 e-con-full e-flex e-con e-child\" data-id=\"bc17253\" data-element_type=\"container\">\n\t\t\t\t<div class=\"elementor-element elementor-element-cd98cf3 elementor-widget elementor-widget-image\" data-id=\"cd98cf3\" data-element_type=\"widget\" data-widget_type=\"image.default\">\n\t\t\t\t\t\t\t\t\t\t\t\t\t\t\t<img loading=\"lazy\" decoding=\"async\" width=\"500\" height=\"500\" src=\"https:\/\/grupo-28.com\/wp-content\/uploads\/nosotros_2.webp\" class=\"attachment-large size-large wp-image-88\" alt=\"\" \/>\t\t\t\t\t\t\t\t\t\t\t\t\t\t\t<\/div>\n\t\t\t\t<\/div>\n\t\t<div class=\"elementor-element elementor-element-b26ff38 e-con-full e-flex e-con e-child\" data-id=\"b26ff38\" data-element_type=\"container\">\n\t\t\t\t<div class=\"elementor-element elementor-element-6ae7762 elementor-widget elementor-widget-image\" data-id=\"6ae7762\" data-element_type=\"widget\" data-widget_type=\"image.default\">\n\t\t\t\t\t\t\t\t\t\t\t\t\t\t\t<img loading=\"lazy\" decoding=\"async\" width=\"500\" height=\"500\" src=\"https:\/\/grupo-28.com\/wp-content\/uploads\/nosotros_6.webp\" class=\"attachment-large size-large wp-image-92\" alt=\"\" \/>\t\t\t\t\t\t\t\t\t\t\t\t\t\t\t<\/div>\n\t\t\t\t<\/div>\n\t\t<div class=\"elementor-element elementor-element-39956fc e-con-full e-flex e-con e-child\" data-id=\"39956fc\" data-element_type=\"container\">\n\t\t\t\t<div class=\"elementor-element elementor-element-d24cf90 elementor-widget elementor-widget-image\" data-id=\"d24cf90\" data-element_type=\"widget\" data-widget_type=\"image.default\">\n\t\t\t\t\t\t\t\t\t\t\t\t\t\t\t<img loading=\"lazy\" decoding=\"async\" width=\"500\" height=\"500\" src=\"https:\/\/grupo-28.com\/wp-content\/uploads\/nosotros_4.webp\" class=\"attachment-large size-large wp-image-87\" alt=\"\" \/>\t\t\t\t\t\t\t\t\t\t\t\t\t\t\t<\/div>\n\t\t\t\t<\/div>\n\t\t\t\t<\/div>\n\t\t\t\t<\/div>","protected":false},"excerpt":{"rendered":"<p>Acerca de Nosotros En Grupo 28, nos enorgullece ofrecer una experiencia inmobiliaria \u00fanica en Playa del Carmen, M\u00e9xico. Nuestro compromiso con la innovaci\u00f3n redefine constantemente los est\u00e1ndares de excelencia en el sector. Nos destacamos por brindar a nuestros clientes la oportunidad de invertir en el momento \u00f3ptimo, aprovechando al m\u00e1ximo el potencial de crecimiento y [&hellip;]<\/p>","protected":false},"author":1,"featured_media":0,"parent":0,"menu_order":0,"comment_status":"closed","ping_status":"closed","template":"","meta":{"footnotes":""},"class_list":["post-385","page","type-page","status-publish","hentry"],"yoast_head":"<!-- This site is optimized with the Yoast SEO plugin v27.1.1 - https:\/\/yoast.com\/product\/yoast-seo-wordpress\/ -->\n<title>Nosotros - Grupo 28<\/title>\n<meta name=\"robots\" content=\"index, follow, max-snippet:-1, max-image-preview:large, max-video-preview:-1\" \/>\n<link rel=\"canonical\" href=\"https:\/\/grupo-28.com\/en\/nosotros\/\" \/>\n<meta property=\"og:locale\" content=\"en_US\" \/>\n<meta property=\"og:type\" content=\"article\" \/>\n<meta property=\"og:title\" content=\"Nosotros - Grupo 28\" \/>\n<meta property=\"og:description\" content=\"Acerca de Nosotros En Grupo 28, nos enorgullece ofrecer una experiencia inmobiliaria \u00fanica en Playa del Carmen, M\u00e9xico. Nuestro compromiso con la innovaci\u00f3n redefine constantemente los est\u00e1ndares de excelencia en el sector. Nos destacamos por brindar a nuestros clientes la oportunidad de invertir en el momento \u00f3ptimo, aprovechando al m\u00e1ximo el potencial de crecimiento y [&hellip;]\" \/>\n<meta property=\"og:url\" content=\"https:\/\/grupo-28.com\/en\/nosotros\/\" \/>\n<meta property=\"og:site_name\" content=\"Grupo 28\" \/>\n<meta property=\"article:modified_time\" content=\"2025-11-14T18:41:07+00:00\" \/>\n<meta property=\"og:image\" content=\"https:\/\/grupo-28.playaprojects.com\/wp-content\/uploads\/nosotros_9.webp\" \/>\n<meta name=\"twitter:card\" content=\"summary_large_image\" \/>\n<meta name=\"twitter:label1\" content=\"Est. reading time\" \/>\n\t<meta name=\"twitter:data1\" content=\"1 minute\" \/>\n<script type=\"application\/ld+json\" class=\"yoast-schema-graph\">{\"@context\":\"https:\/\/schema.org\",\"@graph\":[{\"@type\":\"WebPage\",\"@id\":\"https:\/\/grupo-28.com\/nosotros\/\",\"url\":\"https:\/\/grupo-28.com\/nosotros\/\",\"name\":\"Nosotros - Grupo 28\",\"isPartOf\":{\"@id\":\"https:\/\/grupo-28.com\/#website\"},\"primaryImageOfPage\":{\"@id\":\"https:\/\/grupo-28.com\/nosotros\/#primaryimage\"},\"image\":{\"@id\":\"https:\/\/grupo-28.com\/nosotros\/#primaryimage\"},\"thumbnailUrl\":\"https:\/\/grupo-28.playaprojects.com\/wp-content\/uploads\/nosotros_9.webp\",\"datePublished\":\"2025-11-14T18:24:46+00:00\",\"dateModified\":\"2025-11-14T18:41:07+00:00\",\"breadcrumb\":{\"@id\":\"https:\/\/grupo-28.com\/nosotros\/#breadcrumb\"},\"inLanguage\":\"en-US\",\"potentialAction\":[{\"@type\":\"ReadAction\",\"target\":[\"https:\/\/grupo-28.com\/nosotros\/\"]}]},{\"@type\":\"ImageObject\",\"inLanguage\":\"en-US\",\"@id\":\"https:\/\/grupo-28.com\/nosotros\/#primaryimage\",\"url\":\"https:\/\/grupo-28.playaprojects.com\/wp-content\/uploads\/nosotros_9.webp\",\"contentUrl\":\"https:\/\/grupo-28.playaprojects.com\/wp-content\/uploads\/nosotros_9.webp\"},{\"@type\":\"BreadcrumbList\",\"@id\":\"https:\/\/grupo-28.com\/nosotros\/#breadcrumb\",\"itemListElement\":[{\"@type\":\"ListItem\",\"position\":1,\"name\":\"Inicio\",\"item\":\"https:\/\/grupo-28.com\/\"},{\"@type\":\"ListItem\",\"position\":2,\"name\":\"Nosotros\"}]},{\"@type\":\"WebSite\",\"@id\":\"https:\/\/grupo-28.com\/#website\",\"url\":\"https:\/\/grupo-28.com\/\",\"name\":\"Grupo 28\",\"description\":\"Rentabilidad hoy, plusval\u00eda ma\u00f1ana.\",\"publisher\":{\"@id\":\"https:\/\/grupo-28.com\/#organization\"},\"alternateName\":\"Grupo 28\",\"potentialAction\":[{\"@type\":\"SearchAction\",\"target\":{\"@type\":\"EntryPoint\",\"urlTemplate\":\"https:\/\/grupo-28.com\/?s={search_term_string}\"},\"query-input\":{\"@type\":\"PropertyValueSpecification\",\"valueRequired\":true,\"valueName\":\"search_term_string\"}}],\"inLanguage\":\"en-US\"},{\"@type\":\"Organization\",\"@id\":\"https:\/\/grupo-28.com\/#organization\",\"name\":\"Grupo 28\",\"alternateName\":\"Grupo 28\",\"url\":\"https:\/\/grupo-28.com\/\",\"logo\":{\"@type\":\"ImageObject\",\"inLanguage\":\"en-US\",\"@id\":\"https:\/\/grupo-28.com\/#\/schema\/logo\/image\/\",\"url\":\"https:\/\/grupo-28.com\/wp-content\/uploads\/grupo28-ogp.jpg\",\"contentUrl\":\"https:\/\/grupo-28.com\/wp-content\/uploads\/grupo28-ogp.jpg\",\"width\":1200,\"height\":1200,\"caption\":\"Grupo 28\"},\"image\":{\"@id\":\"https:\/\/grupo-28.com\/#\/schema\/logo\/image\/\"},\"sameAs\":[\"https:\/\/www.instagram.com\/grup028\"]}]}<\/script>\n<!-- \/ Yoast SEO plugin. -->","yoast_head_json":{"title":"Nosotros - Grupo 28","robots":{"index":"index","follow":"follow","max-snippet":"max-snippet:-1","max-image-preview":"max-image-preview:large","max-video-preview":"max-video-preview:-1"},"canonical":"https:\/\/grupo-28.com\/en\/nosotros\/","og_locale":"en_US","og_type":"article","og_title":"Nosotros - Grupo 28","og_description":"Acerca de Nosotros En Grupo 28, nos enorgullece ofrecer una experiencia inmobiliaria \u00fanica en Playa del Carmen, M\u00e9xico. Nuestro compromiso con la innovaci\u00f3n redefine constantemente los est\u00e1ndares de excelencia en el sector. Nos destacamos por brindar a nuestros clientes la oportunidad de invertir en el momento \u00f3ptimo, aprovechando al m\u00e1ximo el potencial de crecimiento y [&hellip;]","og_url":"https:\/\/grupo-28.com\/en\/nosotros\/","og_site_name":"Grupo 28","article_modified_time":"2025-11-14T18:41:07+00:00","og_image":[{"url":"https:\/\/grupo-28.playaprojects.com\/wp-content\/uploads\/nosotros_9.webp","type":"","width":"","height":""}],"twitter_card":"summary_large_image","twitter_misc":{"Est. reading time":"1 minute"},"schema":{"@context":"https:\/\/schema.org","@graph":[{"@type":"WebPage","@id":"https:\/\/grupo-28.com\/nosotros\/","url":"https:\/\/grupo-28.com\/nosotros\/","name":"Nosotros - Grupo 28","isPartOf":{"@id":"https:\/\/grupo-28.com\/#website"},"primaryImageOfPage":{"@id":"https:\/\/grupo-28.com\/nosotros\/#primaryimage"},"image":{"@id":"https:\/\/grupo-28.com\/nosotros\/#primaryimage"},"thumbnailUrl":"https:\/\/grupo-28.playaprojects.com\/wp-content\/uploads\/nosotros_9.webp","datePublished":"2025-11-14T18:24:46+00:00","dateModified":"2025-11-14T18:41:07+00:00","breadcrumb":{"@id":"https:\/\/grupo-28.com\/nosotros\/#breadcrumb"},"inLanguage":"en-US","potentialAction":[{"@type":"ReadAction","target":["https:\/\/grupo-28.com\/nosotros\/"]}]},{"@type":"ImageObject","inLanguage":"en-US","@id":"https:\/\/grupo-28.com\/nosotros\/#primaryimage","url":"https:\/\/grupo-28.playaprojects.com\/wp-content\/uploads\/nosotros_9.webp","contentUrl":"https:\/\/grupo-28.playaprojects.com\/wp-content\/uploads\/nosotros_9.webp"},{"@type":"BreadcrumbList","@id":"https:\/\/grupo-28.com\/nosotros\/#breadcrumb","itemListElement":[{"@type":"ListItem","position":1,"name":"Inicio","item":"https:\/\/grupo-28.com\/"},{"@type":"ListItem","position":2,"name":"Nosotros"}]},{"@type":"WebSite","@id":"https:\/\/grupo-28.com\/#website","url":"https:\/\/grupo-28.com\/","name":"Grupo 28","description":"Rentabilidad hoy, plusval\u00eda ma\u00f1ana.","publisher":{"@id":"https:\/\/grupo-28.com\/#organization"},"alternateName":"Grupo 28","potentialAction":[{"@type":"SearchAction","target":{"@type":"EntryPoint","urlTemplate":"https:\/\/grupo-28.com\/?s={search_term_string}"},"query-input":{"@type":"PropertyValueSpecification","valueRequired":true,"valueName":"search_term_string"}}],"inLanguage":"en-US"},{"@type":"Organization","@id":"https:\/\/grupo-28.com\/#organization","name":"Grupo 28","alternateName":"Grupo 28","url":"https:\/\/grupo-28.com\/","logo":{"@type":"ImageObject","inLanguage":"en-US","@id":"https:\/\/grupo-28.com\/#\/schema\/logo\/image\/","url":"https:\/\/grupo-28.com\/wp-content\/uploads\/grupo28-ogp.jpg","contentUrl":"https:\/\/grupo-28.com\/wp-content\/uploads\/grupo28-ogp.jpg","width":1200,"height":1200,"caption":"Grupo 28"},"image":{"@id":"https:\/\/grupo-28.com\/#\/schema\/logo\/image\/"},"sameAs":["https:\/\/www.instagram.com\/grup028"]}]}},"_links":{"self":[{"href":"https:\/\/grupo-28.com\/en\/wp-json\/wp\/v2\/pages\/385","targetHints":{"allow":["GET"]}}],"collection":[{"href":"https:\/\/grupo-28.com\/en\/wp-json\/wp\/v2\/pages"}],"about":[{"href":"https:\/\/grupo-28.com\/en\/wp-json\/wp\/v2\/types\/page"}],"author":[{"embeddable":true,"href":"https:\/\/grupo-28.com\/en\/wp-json\/wp\/v2\/users\/1"}],"replies":[{"embeddable":true,"href":"https:\/\/grupo-28.com\/en\/wp-json\/wp\/v2\/comments?post=385"}],"version-history":[{"count":10,"href":"https:\/\/grupo-28.com\/en\/wp-json\/wp\/v2\/pages\/385\/revisions"}],"predecessor-version":[{"id":417,"href":"https:\/\/grupo-28.com\/en\/wp-json\/wp\/v2\/pages\/385\/revisions\/417"}],"wp:attachment":[{"href":"https:\/\/grupo-28.com\/en\/wp-json\/wp\/v2\/media?parent=385"}],"curies":[{"name":"wp","href":"https:\/\/api.w.org\/{rel}","templated":true}]}}