{"id":376,"date":"2025-11-14T11:16:51","date_gmt":"2025-11-14T18:16:51","guid":{"rendered":"https:\/\/grupo-28.playaprojects.com\/?page_id=376"},"modified":"2025-11-14T11:39:03","modified_gmt":"2025-11-14T18:39:03","slug":"gobernador-28","status":"publish","type":"page","link":"https:\/\/grupo-28.com\/en\/gobernador-28\/","title":{"rendered":"Gobernador 28"},"content":{"rendered":"<div data-elementor-type=\"wp-page\" data-elementor-id=\"376\" class=\"elementor elementor-376\">\n\t\t\t\t<div class=\"elementor-element elementor-element-4a2c611 e-flex e-con-boxed e-con e-parent\" data-id=\"4a2c611\" data-element_type=\"container\" data-settings=\"{&quot;background_background&quot;:&quot;classic&quot;}\">\n\t\t\t\t\t<div class=\"e-con-inner\">\n\t\t\t\t<div class=\"elementor-element elementor-element-2335ad7 elementor-widget elementor-widget-text-editor\" data-id=\"2335ad7\" data-element_type=\"widget\" data-widget_type=\"text-editor.default\">\n\t\t\t\t\t\t\t\t\t<div id=\"bgLayers_comp-lvfuzdkc\" class=\"MW5IWV\" data-hook=\"bgLayers\" data-motion-part=\"BG_LAYER comp-lvfuzdkc\"><div id=\"bgMedia_comp-lvfuzdkc\" class=\"VgO9Yg\" data-motion-part=\"BG_MEDIA comp-lvfuzdkc\">Our Projects<\/div><\/div>\t\t\t\t\t\t\t\t<\/div>\n\t\t\t\t<div class=\"elementor-element elementor-element-f9bd992 elementor-widget elementor-widget-text-editor\" data-id=\"f9bd992\" data-element_type=\"widget\" data-widget_type=\"text-editor.default\">\n\t\t\t\t\t\t\t\t\t<p>Gobernador 28<\/p>\t\t\t\t\t\t\t\t<\/div>\n\t\t\t\t\t<\/div>\n\t\t\t\t<\/div>\n\t\t<div class=\"elementor-element elementor-element-c190c8a e-con-full e-flex e-con e-parent\" data-id=\"c190c8a\" data-element_type=\"container\" data-settings=\"{&quot;background_background&quot;:&quot;classic&quot;}\">\n\t\t<div class=\"elementor-element elementor-element-99f0026 e-con-full e-flex e-con e-child\" data-id=\"99f0026\" data-element_type=\"container\">\n\t\t<div class=\"elementor-element elementor-element-78f4144 e-con-full e-flex e-con e-child\" data-id=\"78f4144\" data-element_type=\"container\">\n\t\t\t\t<div class=\"elementor-element elementor-element-a23bd08 elementor-widget elementor-widget-image\" data-id=\"a23bd08\" data-element_type=\"widget\" data-widget_type=\"image.default\">\n\t\t\t\t\t\t\t\t\t\t\t\t\t\t\t<img fetchpriority=\"high\" decoding=\"async\" width=\"1000\" height=\"600\" src=\"https:\/\/grupo-28.com\/wp-content\/uploads\/gobernador_28_logo_white-1.webp\" class=\"attachment-large size-large wp-image-380\" alt=\"\" \/>\t\t\t\t\t\t\t\t\t\t\t\t\t\t\t<\/div>\n\t\t\t\t<div class=\"elementor-element elementor-element-fe08167 elementor-position-left elementor-view-default elementor-mobile-position-top elementor-widget elementor-widget-icon-box\" data-id=\"fe08167\" data-element_type=\"widget\" data-widget_type=\"icon-box.default\">\n\t\t\t\t\t\t\t<div class=\"elementor-icon-box-wrapper\">\n\n\t\t\t\t\t\t<div class=\"elementor-icon-box-icon\">\n\t\t\t\t<span  class=\"elementor-icon\">\n\t\t\t\t<svg aria-hidden=\"true\" class=\"e-font-icon-svg e-fas-map-marker-alt\" viewbox=\"0 0 384 512\" xmlns=\"http:\/\/www.w3.org\/2000\/svg\"><path d=\"M172.268 501.67C26.97 291.031 0 269.413 0 192 0 85.961 85.961 0 192 0s192 85.961 192 192c0 77.413-26.97 99.031-172.268 309.67-9.535 13.774-29.93 13.773-39.464 0zM192 272c44.183 0 80-35.817 80-80s-35.817-80-80-80-80 35.817-80 80 35.817 80 80 80z\"><\/path><\/svg>\t\t\t\t<\/span>\n\t\t\t<\/div>\n\t\t\t\n\t\t\t\t\t\t<div class=\"elementor-icon-box-content\">\n\n\t\t\t\t\t\t\t\t\t<h3 class=\"elementor-icon-box-title\">\n\t\t\t\t\t\t<span  >\n\t\t\t\t\t\t\tLocation\t\t\t\t\t\t<\/span>\n\t\t\t\t\t<\/h3>\n\t\t\t\t\n\t\t\t\t\t\t\t\t\t<p class=\"elementor-icon-box-description\">\n\t\t\t\t\t\t\nCalle 38, Col. Ejidal, Regi\u00f3n 28, Supermanzana 53, Lote 11, Playa del Carmen, Quintana Roo.\t\t\t\t\t<\/p>\n\t\t\t\t\n\t\t\t<\/div>\n\t\t\t\n\t\t<\/div>\n\t\t\t\t\t\t<\/div>\n\t\t\t\t<div class=\"elementor-element elementor-element-d53dcf1 elementor-position-left elementor-view-default elementor-mobile-position-top elementor-widget elementor-widget-icon-box\" data-id=\"d53dcf1\" data-element_type=\"widget\" data-widget_type=\"icon-box.default\">\n\t\t\t\t\t\t\t<div class=\"elementor-icon-box-wrapper\">\n\n\t\t\t\t\t\t<div class=\"elementor-icon-box-icon\">\n\t\t\t\t<span  class=\"elementor-icon\">\n\t\t\t\t<svg aria-hidden=\"true\" class=\"e-font-icon-svg e-fas-building\" viewbox=\"0 0 448 512\" xmlns=\"http:\/\/www.w3.org\/2000\/svg\"><path d=\"M436 480h-20V24c0-13.255-10.745-24-24-24H56C42.745 0 32 10.745 32 24v456H12c-6.627 0-12 5.373-12 12v20h448v-20c0-6.627-5.373-12-12-12zM128 76c0-6.627 5.373-12 12-12h40c6.627 0 12 5.373 12 12v40c0 6.627-5.373 12-12 12h-40c-6.627 0-12-5.373-12-12V76zm0 96c0-6.627 5.373-12 12-12h40c6.627 0 12 5.373 12 12v40c0 6.627-5.373 12-12 12h-40c-6.627 0-12-5.373-12-12v-40zm52 148h-40c-6.627 0-12-5.373-12-12v-40c0-6.627 5.373-12 12-12h40c6.627 0 12 5.373 12 12v40c0 6.627-5.373 12-12 12zm76 160h-64v-84c0-6.627 5.373-12 12-12h40c6.627 0 12 5.373 12 12v84zm64-172c0 6.627-5.373 12-12 12h-40c-6.627 0-12-5.373-12-12v-40c0-6.627 5.373-12 12-12h40c6.627 0 12 5.373 12 12v40zm0-96c0 6.627-5.373 12-12 12h-40c-6.627 0-12-5.373-12-12v-40c0-6.627 5.373-12 12-12h40c6.627 0 12 5.373 12 12v40zm0-96c0 6.627-5.373 12-12 12h-40c-6.627 0-12-5.373-12-12V76c0-6.627 5.373-12 12-12h40c6.627 0 12 5.373 12 12v40z\"><\/path><\/svg>\t\t\t\t<\/span>\n\t\t\t<\/div>\n\t\t\t\n\t\t\t\t\t\t<div class=\"elementor-icon-box-content\">\n\n\t\t\t\t\t\t\t\t\t<h3 class=\"elementor-icon-box-title\">\n\t\t\t\t\t\t<span  >\n\t\t\t\t\t\t\tDescription\t\t\t\t\t\t<\/span>\n\t\t\t\t\t<\/h3>\n\t\t\t\t\n\t\t\t\t\t\t\t\t\t<p class=\"elementor-icon-box-description\">\n\t\t\t\t\t\tOn Playa del Carmen's iconic 38th Avenue, one of the most sought-after areas for its cosmopolitan atmosphere and proximity to the beach, Gobernador 28 is born. A sophisticated design project that reflects the essence of the Riviera Maya: freshness, exclusivity, and a connection with the environment. Just steps from 5th Avenue and the sea, its spaces are designed for those seeking more than a home: a living experience where luxury and location are in perfect harmony.\t\t\t\t\t<\/p>\n\t\t\t\t\n\t\t\t<\/div>\n\t\t\t\n\t\t<\/div>\n\t\t\t\t\t\t<\/div>\n\t\t\t\t<div class=\"elementor-element elementor-element-b3ef18a elementor-position-left elementor-view-default elementor-mobile-position-top elementor-widget elementor-widget-icon-box\" data-id=\"b3ef18a\" data-element_type=\"widget\" data-widget_type=\"icon-box.default\">\n\t\t\t\t\t\t\t<div class=\"elementor-icon-box-wrapper\">\n\n\t\t\t\t\t\t<div class=\"elementor-icon-box-icon\">\n\t\t\t\t<span  class=\"elementor-icon\">\n\t\t\t\t<svg aria-hidden=\"true\" class=\"e-font-icon-svg e-fas-list-ul\" viewbox=\"0 0 512 512\" xmlns=\"http:\/\/www.w3.org\/2000\/svg\"><path d=\"M48 48a48 48 0 1 0 48 48 48 48 0 0 0-48-48zm0 160a48 48 0 1 0 48 48 48 48 0 0 0-48-48zm0 160a48 48 0 1 0 48 48 48 48 0 0 0-48-48zm448 16H176a16 16 0 0 0-16 16v32a16 16 0 0 0 16 16h320a16 16 0 0 0 16-16v-32a16 16 0 0 0-16-16zm0-320H176a16 16 0 0 0-16 16v32a16 16 0 0 0 16 16h320a16 16 0 0 0 16-16V80a16 16 0 0 0-16-16zm0 160H176a16 16 0 0 0-16 16v32a16 16 0 0 0 16 16h320a16 16 0 0 0 16-16v-32a16 16 0 0 0-16-16z\"><\/path><\/svg>\t\t\t\t<\/span>\n\t\t\t<\/div>\n\t\t\t\n\t\t\t\t\t\t<div class=\"elementor-icon-box-content\">\n\n\t\t\t\t\t\t\t\t\t<h3 class=\"elementor-icon-box-title\">\n\t\t\t\t\t\t<span  >\n\t\t\t\t\t\t\tAmenities\t\t\t\t\t\t<\/span>\n\t\t\t\t\t<\/h3>\n\t\t\t\t\n\t\t\t\t\n\t\t\t<\/div>\n\t\t\t\n\t\t<\/div>\n\t\t\t\t\t\t<\/div>\n\t\t\t\t<div class=\"elementor-element elementor-element-22df28c noSpace elementor-widget elementor-widget-text-editor\" data-id=\"22df28c\" data-element_type=\"widget\" data-widget_type=\"text-editor.default\">\n\t\t\t\t\t\t\t\t\t<div id=\"bgLayers_comp-lvfuzdkc\" class=\"MW5IWV\" data-hook=\"bgLayers\" data-motion-part=\"BG_LAYER comp-lvfuzdkc\"><div id=\"bgMedia_comp-lvfuzdkc\" class=\"VgO9Yg\" data-motion-part=\"BG_MEDIA comp-lvfuzdkc\"><ul class=\"font_9 wixui-rich-text__text\"><li class=\"wixui-rich-text__text\"><p class=\"font_9 wixui-rich-text__text\">Padel court<\/p><\/li><li>Boliche<\/li><li>Gym<\/li><li>Sport Bar<\/li><li>Sauna<\/li><li>Coworking<\/li><li>Loundry<\/li><li>Pool<\/li><li>Jacuzzi<\/li><li>Grill area<\/li><li>Parking<\/li><li>Pickelball<\/li><li>Arcade Game<\/li><li>Billiards, Ping Pong and Poker Tables<\/li><li>Cafeteria<\/li><li>Multipurpose area<\/li><li>Lobby<\/li><li>2 Elevators<\/li><li>Sunbathing Area<\/li><\/ul><\/div><\/div>\t\t\t\t\t\t\t\t<\/div>\n\t\t\t\t<\/div>\n\t\t<div class=\"elementor-element elementor-element-94cb395 e-con-full e-flex e-con e-child\" data-id=\"94cb395\" data-element_type=\"container\">\n\t\t\t\t<div class=\"elementor-element elementor-element-cc4028f elementor-widget elementor-widget-shortcode\" data-id=\"cc4028f\" data-element_type=\"widget\" data-widget_type=\"shortcode.default\">\n\t\t\t\t\t\t\t<div class=\"elementor-shortcode\">    <div class=\"slick-wrapper oportunidadesSlider\" id=\"slick_69e3b65055a82\">\n        <div class=\"slider-for\">\n                            <div>\n                    <img decoding=\"async\" src=\"https:\/\/grupo-28.com\/wp-content\/uploads\/gobernador_28\/gobernador_28-1.webp\" alt=\"\">\n                <\/div>\n                            <div>\n                    <img decoding=\"async\" src=\"https:\/\/grupo-28.com\/wp-content\/uploads\/gobernador_28\/gobernador_28-11.webp\" alt=\"\">\n                <\/div>\n                            <div>\n                    <img decoding=\"async\" src=\"https:\/\/grupo-28.com\/wp-content\/uploads\/gobernador_28\/gobernador_28-12.webp\" alt=\"\">\n                <\/div>\n                            <div>\n                    <img decoding=\"async\" src=\"https:\/\/grupo-28.com\/wp-content\/uploads\/gobernador_28\/gobernador_28-2.webp\" alt=\"\">\n                <\/div>\n                            <div>\n                    <img decoding=\"async\" src=\"https:\/\/grupo-28.com\/wp-content\/uploads\/gobernador_28\/gobernador_28-3.webp\" alt=\"\">\n                <\/div>\n                            <div>\n                    <img decoding=\"async\" src=\"https:\/\/grupo-28.com\/wp-content\/uploads\/gobernador_28\/gobernador_28-4.webp\" alt=\"\">\n                <\/div>\n                            <div>\n                    <img decoding=\"async\" src=\"https:\/\/grupo-28.com\/wp-content\/uploads\/gobernador_28\/gobernador_28-5.webp\" alt=\"\">\n                <\/div>\n                            <div>\n                    <img decoding=\"async\" src=\"https:\/\/grupo-28.com\/wp-content\/uploads\/gobernador_28\/gobernador_28-6.webp\" alt=\"\">\n                <\/div>\n                            <div>\n                    <img decoding=\"async\" src=\"https:\/\/grupo-28.com\/wp-content\/uploads\/gobernador_28\/gobernador_28-7.webp\" alt=\"\">\n                <\/div>\n                            <div>\n                    <img decoding=\"async\" src=\"https:\/\/grupo-28.com\/wp-content\/uploads\/gobernador_28\/gobernador_28-8.webp\" alt=\"\">\n                <\/div>\n                            <div>\n                    <img decoding=\"async\" src=\"https:\/\/grupo-28.com\/wp-content\/uploads\/gobernador_28\/gobernador_28-9.webp\" alt=\"\">\n                <\/div>\n                    <\/div>\n        <div class=\"slider-nav\">\n                            <div>\n                    <img decoding=\"async\" src=\"https:\/\/grupo-28.com\/wp-content\/uploads\/gobernador_28\/gobernador_28-1.webp\" alt=\"\">\n                <\/div>\n                            <div>\n                    <img decoding=\"async\" src=\"https:\/\/grupo-28.com\/wp-content\/uploads\/gobernador_28\/gobernador_28-11.webp\" alt=\"\">\n                <\/div>\n                            <div>\n                    <img decoding=\"async\" src=\"https:\/\/grupo-28.com\/wp-content\/uploads\/gobernador_28\/gobernador_28-12.webp\" alt=\"\">\n                <\/div>\n                            <div>\n                    <img decoding=\"async\" src=\"https:\/\/grupo-28.com\/wp-content\/uploads\/gobernador_28\/gobernador_28-2.webp\" alt=\"\">\n                <\/div>\n                            <div>\n                    <img decoding=\"async\" src=\"https:\/\/grupo-28.com\/wp-content\/uploads\/gobernador_28\/gobernador_28-3.webp\" alt=\"\">\n                <\/div>\n                            <div>\n                    <img decoding=\"async\" src=\"https:\/\/grupo-28.com\/wp-content\/uploads\/gobernador_28\/gobernador_28-4.webp\" alt=\"\">\n                <\/div>\n                            <div>\n                    <img decoding=\"async\" src=\"https:\/\/grupo-28.com\/wp-content\/uploads\/gobernador_28\/gobernador_28-5.webp\" alt=\"\">\n                <\/div>\n                            <div>\n                    <img decoding=\"async\" src=\"https:\/\/grupo-28.com\/wp-content\/uploads\/gobernador_28\/gobernador_28-6.webp\" alt=\"\">\n                <\/div>\n                            <div>\n                    <img decoding=\"async\" src=\"https:\/\/grupo-28.com\/wp-content\/uploads\/gobernador_28\/gobernador_28-7.webp\" alt=\"\">\n                <\/div>\n                            <div>\n                    <img decoding=\"async\" src=\"https:\/\/grupo-28.com\/wp-content\/uploads\/gobernador_28\/gobernador_28-8.webp\" alt=\"\">\n                <\/div>\n                            <div>\n                    <img decoding=\"async\" src=\"https:\/\/grupo-28.com\/wp-content\/uploads\/gobernador_28\/gobernador_28-9.webp\" alt=\"\">\n                <\/div>\n                    <\/div>\n    <\/div>\n\n    <script>\n    jQuery(document).ready(function($){\n        var $wrapper = $('#slick_69e3b65055a82');\n        var $sliderFor = $wrapper.find('.slider-for');\n        var $sliderNav = $wrapper.find('.slider-nav');\n\n        $sliderFor.slick({\n            slidesToShow: 1,\n            slidesToScroll: 1,\n            arrows: false,\n            fade: true,\n            asNavFor: $sliderNav\n        });\n        $sliderNav.slick({\n            slidesToShow: 4,\n            slidesToScroll: 1,\n            asNavFor: $sliderFor,\n            dots: false,\n            centerMode: true,\n            focusOnSelect: true,\n            autoplay: true\n        });\n    });\n    <\/script>\n    <\/div>\n\t\t\t\t\t\t<\/div>\n\t\t\t\t<\/div>\n\t\t\t\t<\/div>\n\t\t\t\t<\/div>\n\t\t\t\t<\/div>","protected":false},"excerpt":{"rendered":"<p>\u2022 Nuestros Proyectos \u2022 Gobernador 28 Ubicaci\u00f3n Calle 38, Col. Ejidal, Regi\u00f3n 28, Supermanzana 53, Lote 11, Playa del Carmen, Quintana Roo. Descripci\u00f3n En la ic\u00f3nica Avenida 38 de Playa del Carmen, una de las zonas m\u00e1s cotizadas por su ambiente cosmopolita y su cercan\u00eda a la playa, nace Gobernador 28. Un proyecto de dise\u00f1o [&hellip;]<\/p>","protected":false},"author":1,"featured_media":0,"parent":0,"menu_order":0,"comment_status":"closed","ping_status":"closed","template":"","meta":{"footnotes":""},"class_list":["post-376","page","type-page","status-publish","hentry"],"yoast_head":"<!-- This site is optimized with the Yoast SEO plugin v27.1.1 - https:\/\/yoast.com\/product\/yoast-seo-wordpress\/ -->\n<title>Gobernador 28 - Grupo 28<\/title>\n<meta name=\"robots\" content=\"index, follow, max-snippet:-1, max-image-preview:large, max-video-preview:-1\" \/>\n<link rel=\"canonical\" href=\"https:\/\/grupo-28.com\/en\/gobernador-28\/\" \/>\n<meta property=\"og:locale\" content=\"en_US\" \/>\n<meta property=\"og:type\" content=\"article\" \/>\n<meta property=\"og:title\" content=\"Gobernador 28 - Grupo 28\" \/>\n<meta property=\"og:description\" content=\"\u2022 Nuestros Proyectos \u2022 Gobernador 28 Ubicaci\u00f3n Calle 38, Col. Ejidal, Regi\u00f3n 28, Supermanzana 53, Lote 11, Playa del Carmen, Quintana Roo. Descripci\u00f3n En la ic\u00f3nica Avenida 38 de Playa del Carmen, una de las zonas m\u00e1s cotizadas por su ambiente cosmopolita y su cercan\u00eda a la playa, nace Gobernador 28. Un proyecto de dise\u00f1o [&hellip;]\" \/>\n<meta property=\"og:url\" content=\"https:\/\/grupo-28.com\/en\/gobernador-28\/\" \/>\n<meta property=\"og:site_name\" content=\"Grupo 28\" \/>\n<meta property=\"article:modified_time\" content=\"2025-11-14T18:39:03+00:00\" \/>\n<meta property=\"og:image\" content=\"https:\/\/grupo-28.playaprojects.com\/wp-content\/uploads\/gobernador_28_logo_white-1.webp\" \/>\n<meta name=\"twitter:card\" content=\"summary_large_image\" \/>\n<meta name=\"twitter:label1\" content=\"Est. reading time\" \/>\n\t<meta name=\"twitter:data1\" content=\"1 minute\" \/>\n<script type=\"application\/ld+json\" class=\"yoast-schema-graph\">{\"@context\":\"https:\/\/schema.org\",\"@graph\":[{\"@type\":\"WebPage\",\"@id\":\"https:\/\/grupo-28.com\/gobernador-28\/\",\"url\":\"https:\/\/grupo-28.com\/gobernador-28\/\",\"name\":\"Gobernador 28 - Grupo 28\",\"isPartOf\":{\"@id\":\"https:\/\/grupo-28.com\/#website\"},\"primaryImageOfPage\":{\"@id\":\"https:\/\/grupo-28.com\/gobernador-28\/#primaryimage\"},\"image\":{\"@id\":\"https:\/\/grupo-28.com\/gobernador-28\/#primaryimage\"},\"thumbnailUrl\":\"https:\/\/grupo-28.playaprojects.com\/wp-content\/uploads\/gobernador_28_logo_white-1.webp\",\"datePublished\":\"2025-11-14T18:16:51+00:00\",\"dateModified\":\"2025-11-14T18:39:03+00:00\",\"breadcrumb\":{\"@id\":\"https:\/\/grupo-28.com\/gobernador-28\/#breadcrumb\"},\"inLanguage\":\"en-US\",\"potentialAction\":[{\"@type\":\"ReadAction\",\"target\":[\"https:\/\/grupo-28.com\/gobernador-28\/\"]}]},{\"@type\":\"ImageObject\",\"inLanguage\":\"en-US\",\"@id\":\"https:\/\/grupo-28.com\/gobernador-28\/#primaryimage\",\"url\":\"https:\/\/grupo-28.playaprojects.com\/wp-content\/uploads\/gobernador_28_logo_white-1.webp\",\"contentUrl\":\"https:\/\/grupo-28.playaprojects.com\/wp-content\/uploads\/gobernador_28_logo_white-1.webp\"},{\"@type\":\"BreadcrumbList\",\"@id\":\"https:\/\/grupo-28.com\/gobernador-28\/#breadcrumb\",\"itemListElement\":[{\"@type\":\"ListItem\",\"position\":1,\"name\":\"Inicio\",\"item\":\"https:\/\/grupo-28.com\/\"},{\"@type\":\"ListItem\",\"position\":2,\"name\":\"Gobernador 28\"}]},{\"@type\":\"WebSite\",\"@id\":\"https:\/\/grupo-28.com\/#website\",\"url\":\"https:\/\/grupo-28.com\/\",\"name\":\"Grupo 28\",\"description\":\"Rentabilidad hoy, plusval\u00eda ma\u00f1ana.\",\"publisher\":{\"@id\":\"https:\/\/grupo-28.com\/#organization\"},\"alternateName\":\"Grupo 28\",\"potentialAction\":[{\"@type\":\"SearchAction\",\"target\":{\"@type\":\"EntryPoint\",\"urlTemplate\":\"https:\/\/grupo-28.com\/?s={search_term_string}\"},\"query-input\":{\"@type\":\"PropertyValueSpecification\",\"valueRequired\":true,\"valueName\":\"search_term_string\"}}],\"inLanguage\":\"en-US\"},{\"@type\":\"Organization\",\"@id\":\"https:\/\/grupo-28.com\/#organization\",\"name\":\"Grupo 28\",\"alternateName\":\"Grupo 28\",\"url\":\"https:\/\/grupo-28.com\/\",\"logo\":{\"@type\":\"ImageObject\",\"inLanguage\":\"en-US\",\"@id\":\"https:\/\/grupo-28.com\/#\/schema\/logo\/image\/\",\"url\":\"https:\/\/grupo-28.com\/wp-content\/uploads\/grupo28-ogp.jpg\",\"contentUrl\":\"https:\/\/grupo-28.com\/wp-content\/uploads\/grupo28-ogp.jpg\",\"width\":1200,\"height\":1200,\"caption\":\"Grupo 28\"},\"image\":{\"@id\":\"https:\/\/grupo-28.com\/#\/schema\/logo\/image\/\"},\"sameAs\":[\"https:\/\/www.instagram.com\/grup028\"]}]}<\/script>\n<!-- \/ Yoast SEO plugin. -->","yoast_head_json":{"title":"Gobernador 28 - Grupo 28","robots":{"index":"index","follow":"follow","max-snippet":"max-snippet:-1","max-image-preview":"max-image-preview:large","max-video-preview":"max-video-preview:-1"},"canonical":"https:\/\/grupo-28.com\/en\/gobernador-28\/","og_locale":"en_US","og_type":"article","og_title":"Gobernador 28 - Grupo 28","og_description":"\u2022 Nuestros Proyectos \u2022 Gobernador 28 Ubicaci\u00f3n Calle 38, Col. Ejidal, Regi\u00f3n 28, Supermanzana 53, Lote 11, Playa del Carmen, Quintana Roo. Descripci\u00f3n En la ic\u00f3nica Avenida 38 de Playa del Carmen, una de las zonas m\u00e1s cotizadas por su ambiente cosmopolita y su cercan\u00eda a la playa, nace Gobernador 28. Un proyecto de dise\u00f1o [&hellip;]","og_url":"https:\/\/grupo-28.com\/en\/gobernador-28\/","og_site_name":"Grupo 28","article_modified_time":"2025-11-14T18:39:03+00:00","og_image":[{"url":"https:\/\/grupo-28.playaprojects.com\/wp-content\/uploads\/gobernador_28_logo_white-1.webp","type":"","width":"","height":""}],"twitter_card":"summary_large_image","twitter_misc":{"Est. reading time":"1 minute"},"schema":{"@context":"https:\/\/schema.org","@graph":[{"@type":"WebPage","@id":"https:\/\/grupo-28.com\/gobernador-28\/","url":"https:\/\/grupo-28.com\/gobernador-28\/","name":"Gobernador 28 - Grupo 28","isPartOf":{"@id":"https:\/\/grupo-28.com\/#website"},"primaryImageOfPage":{"@id":"https:\/\/grupo-28.com\/gobernador-28\/#primaryimage"},"image":{"@id":"https:\/\/grupo-28.com\/gobernador-28\/#primaryimage"},"thumbnailUrl":"https:\/\/grupo-28.playaprojects.com\/wp-content\/uploads\/gobernador_28_logo_white-1.webp","datePublished":"2025-11-14T18:16:51+00:00","dateModified":"2025-11-14T18:39:03+00:00","breadcrumb":{"@id":"https:\/\/grupo-28.com\/gobernador-28\/#breadcrumb"},"inLanguage":"en-US","potentialAction":[{"@type":"ReadAction","target":["https:\/\/grupo-28.com\/gobernador-28\/"]}]},{"@type":"ImageObject","inLanguage":"en-US","@id":"https:\/\/grupo-28.com\/gobernador-28\/#primaryimage","url":"https:\/\/grupo-28.playaprojects.com\/wp-content\/uploads\/gobernador_28_logo_white-1.webp","contentUrl":"https:\/\/grupo-28.playaprojects.com\/wp-content\/uploads\/gobernador_28_logo_white-1.webp"},{"@type":"BreadcrumbList","@id":"https:\/\/grupo-28.com\/gobernador-28\/#breadcrumb","itemListElement":[{"@type":"ListItem","position":1,"name":"Inicio","item":"https:\/\/grupo-28.com\/"},{"@type":"ListItem","position":2,"name":"Gobernador 28"}]},{"@type":"WebSite","@id":"https:\/\/grupo-28.com\/#website","url":"https:\/\/grupo-28.com\/","name":"Grupo 28","description":"Rentabilidad hoy, plusval\u00eda ma\u00f1ana.","publisher":{"@id":"https:\/\/grupo-28.com\/#organization"},"alternateName":"Grupo 28","potentialAction":[{"@type":"SearchAction","target":{"@type":"EntryPoint","urlTemplate":"https:\/\/grupo-28.com\/?s={search_term_string}"},"query-input":{"@type":"PropertyValueSpecification","valueRequired":true,"valueName":"search_term_string"}}],"inLanguage":"en-US"},{"@type":"Organization","@id":"https:\/\/grupo-28.com\/#organization","name":"Grupo 28","alternateName":"Grupo 28","url":"https:\/\/grupo-28.com\/","logo":{"@type":"ImageObject","inLanguage":"en-US","@id":"https:\/\/grupo-28.com\/#\/schema\/logo\/image\/","url":"https:\/\/grupo-28.com\/wp-content\/uploads\/grupo28-ogp.jpg","contentUrl":"https:\/\/grupo-28.com\/wp-content\/uploads\/grupo28-ogp.jpg","width":1200,"height":1200,"caption":"Grupo 28"},"image":{"@id":"https:\/\/grupo-28.com\/#\/schema\/logo\/image\/"},"sameAs":["https:\/\/www.instagram.com\/grup028"]}]}},"_links":{"self":[{"href":"https:\/\/grupo-28.com\/en\/wp-json\/wp\/v2\/pages\/376","targetHints":{"allow":["GET"]}}],"collection":[{"href":"https:\/\/grupo-28.com\/en\/wp-json\/wp\/v2\/pages"}],"about":[{"href":"https:\/\/grupo-28.com\/en\/wp-json\/wp\/v2\/types\/page"}],"author":[{"embeddable":true,"href":"https:\/\/grupo-28.com\/en\/wp-json\/wp\/v2\/users\/1"}],"replies":[{"embeddable":true,"href":"https:\/\/grupo-28.com\/en\/wp-json\/wp\/v2\/comments?post=376"}],"version-history":[{"count":9,"href":"https:\/\/grupo-28.com\/en\/wp-json\/wp\/v2\/pages\/376\/revisions"}],"predecessor-version":[{"id":408,"href":"https:\/\/grupo-28.com\/en\/wp-json\/wp\/v2\/pages\/376\/revisions\/408"}],"wp:attachment":[{"href":"https:\/\/grupo-28.com\/en\/wp-json\/wp\/v2\/media?parent=376"}],"curies":[{"name":"wp","href":"https:\/\/api.w.org\/{rel}","templated":true}]}}