{"id":354,"date":"2025-11-11T10:19:44","date_gmt":"2025-11-11T17:19:44","guid":{"rendered":"https:\/\/grupo-28.playaprojects.com\/?page_id=354"},"modified":"2025-12-16T11:21:46","modified_gmt":"2025-12-16T18:21:46","slug":"monarca-28","status":"publish","type":"page","link":"https:\/\/grupo-28.com\/en\/monarca-28\/","title":{"rendered":"Monarca 28"},"content":{"rendered":"<div data-elementor-type=\"wp-page\" data-elementor-id=\"354\" class=\"elementor elementor-354\">\n\t\t\t\t<div class=\"elementor-element elementor-element-21dbdd8 e-flex e-con-boxed e-con e-parent\" data-id=\"21dbdd8\" data-element_type=\"container\" data-settings=\"{&quot;background_background&quot;:&quot;classic&quot;}\">\n\t\t\t\t\t<div class=\"e-con-inner\">\n\t\t\t\t<div class=\"elementor-element elementor-element-eb0f9df elementor-widget elementor-widget-text-editor\" data-id=\"eb0f9df\" data-element_type=\"widget\" data-widget_type=\"text-editor.default\">\n\t\t\t\t\t\t\t\t\t<div id=\"bgLayers_comp-lvfuzdkc\" class=\"MW5IWV\" data-hook=\"bgLayers\" data-motion-part=\"BG_LAYER comp-lvfuzdkc\"><div id=\"bgMedia_comp-lvfuzdkc\" class=\"VgO9Yg\" data-motion-part=\"BG_MEDIA comp-lvfuzdkc\">Our Projects<\/div><\/div>\t\t\t\t\t\t\t\t<\/div>\n\t\t\t\t<div class=\"elementor-element elementor-element-c3be0c1 elementor-widget elementor-widget-text-editor\" data-id=\"c3be0c1\" data-element_type=\"widget\" data-widget_type=\"text-editor.default\">\n\t\t\t\t\t\t\t\t\t<p>Monarca 28<\/p>\t\t\t\t\t\t\t\t<\/div>\n\t\t\t\t\t<\/div>\n\t\t\t\t<\/div>\n\t\t<div class=\"elementor-element elementor-element-658b59f e-con-full e-flex e-con e-parent\" data-id=\"658b59f\" data-element_type=\"container\" data-settings=\"{&quot;background_background&quot;:&quot;classic&quot;}\">\n\t\t<div class=\"elementor-element elementor-element-38509a0 e-con-full e-flex e-con e-child\" data-id=\"38509a0\" data-element_type=\"container\">\n\t\t<div class=\"elementor-element elementor-element-7643be5 e-con-full e-flex e-con e-child\" data-id=\"7643be5\" data-element_type=\"container\">\n\t\t\t\t<div class=\"elementor-element elementor-element-5959e02 elementor-widget elementor-widget-image\" data-id=\"5959e02\" data-element_type=\"widget\" data-widget_type=\"image.default\">\n\t\t\t\t\t\t\t\t\t\t\t\t\t\t\t<img fetchpriority=\"high\" decoding=\"async\" width=\"1000\" height=\"600\" src=\"https:\/\/grupo-28.com\/wp-content\/uploads\/monarca_28_logo_white-1.webp\" class=\"attachment-large size-large wp-image-362\" alt=\"\" \/>\t\t\t\t\t\t\t\t\t\t\t\t\t\t\t<\/div>\n\t\t\t\t<div class=\"elementor-element elementor-element-947abd7 elementor-position-left elementor-view-default elementor-mobile-position-top elementor-widget elementor-widget-icon-box\" data-id=\"947abd7\" data-element_type=\"widget\" data-widget_type=\"icon-box.default\">\n\t\t\t\t\t\t\t<div class=\"elementor-icon-box-wrapper\">\n\n\t\t\t\t\t\t<div class=\"elementor-icon-box-icon\">\n\t\t\t\t<span  class=\"elementor-icon\">\n\t\t\t\t<svg aria-hidden=\"true\" class=\"e-font-icon-svg e-fas-map-marker-alt\" viewbox=\"0 0 384 512\" xmlns=\"http:\/\/www.w3.org\/2000\/svg\"><path d=\"M172.268 501.67C26.97 291.031 0 269.413 0 192 0 85.961 85.961 0 192 0s192 85.961 192 192c0 77.413-26.97 99.031-172.268 309.67-9.535 13.774-29.93 13.773-39.464 0zM192 272c44.183 0 80-35.817 80-80s-35.817-80-80-80-80 35.817-80 80 35.817 80 80 80z\"><\/path><\/svg>\t\t\t\t<\/span>\n\t\t\t<\/div>\n\t\t\t\n\t\t\t\t\t\t<div class=\"elementor-icon-box-content\">\n\n\t\t\t\t\t\t\t\t\t<h3 class=\"elementor-icon-box-title\">\n\t\t\t\t\t\t<span  >\n\t\t\t\t\t\t\tLocation\t\t\t\t\t\t<\/span>\n\t\t\t\t\t<\/h3>\n\t\t\t\t\n\t\t\t\t\t\t\t\t\t<p class=\"elementor-icon-box-description\">\n\t\t\t\t\t\tLocated in the\nHeart of Playa del Carmen <br>\n( justo frente a plaza las Am\u00e9ricas \/ frente a Carls jr.) \t\t\t\t\t<\/p>\n\t\t\t\t\n\t\t\t<\/div>\n\t\t\t\n\t\t<\/div>\n\t\t\t\t\t\t<\/div>\n\t\t\t\t<div class=\"elementor-element elementor-element-8f59c08 elementor-position-left elementor-view-default elementor-mobile-position-top elementor-widget elementor-widget-icon-box\" data-id=\"8f59c08\" data-element_type=\"widget\" data-widget_type=\"icon-box.default\">\n\t\t\t\t\t\t\t<div class=\"elementor-icon-box-wrapper\">\n\n\t\t\t\t\t\t<div class=\"elementor-icon-box-icon\">\n\t\t\t\t<span  class=\"elementor-icon\">\n\t\t\t\t<svg aria-hidden=\"true\" class=\"e-font-icon-svg e-fas-building\" viewbox=\"0 0 448 512\" xmlns=\"http:\/\/www.w3.org\/2000\/svg\"><path d=\"M436 480h-20V24c0-13.255-10.745-24-24-24H56C42.745 0 32 10.745 32 24v456H12c-6.627 0-12 5.373-12 12v20h448v-20c0-6.627-5.373-12-12-12zM128 76c0-6.627 5.373-12 12-12h40c6.627 0 12 5.373 12 12v40c0 6.627-5.373 12-12 12h-40c-6.627 0-12-5.373-12-12V76zm0 96c0-6.627 5.373-12 12-12h40c6.627 0 12 5.373 12 12v40c0 6.627-5.373 12-12 12h-40c-6.627 0-12-5.373-12-12v-40zm52 148h-40c-6.627 0-12-5.373-12-12v-40c0-6.627 5.373-12 12-12h40c6.627 0 12 5.373 12 12v40c0 6.627-5.373 12-12 12zm76 160h-64v-84c0-6.627 5.373-12 12-12h40c6.627 0 12 5.373 12 12v84zm64-172c0 6.627-5.373 12-12 12h-40c-6.627 0-12-5.373-12-12v-40c0-6.627 5.373-12 12-12h40c6.627 0 12 5.373 12 12v40zm0-96c0 6.627-5.373 12-12 12h-40c-6.627 0-12-5.373-12-12v-40c0-6.627 5.373-12 12-12h40c6.627 0 12 5.373 12 12v40zm0-96c0 6.627-5.373 12-12 12h-40c-6.627 0-12-5.373-12-12V76c0-6.627 5.373-12 12-12h40c6.627 0 12 5.373 12 12v40z\"><\/path><\/svg>\t\t\t\t<\/span>\n\t\t\t<\/div>\n\t\t\t\n\t\t\t\t\t\t<div class=\"elementor-icon-box-content\">\n\n\t\t\t\t\t\t\t\t\t<h3 class=\"elementor-icon-box-title\">\n\t\t\t\t\t\t<span  >\n\t\t\t\t\t\t\tDescription\t\t\t\t\t\t<\/span>\n\t\t\t\t\t<\/h3>\n\t\t\t\t\n\t\t\t\t\t\t\t\t\t<p class=\"elementor-icon-box-description\">\n\t\t\t\t\t\tUnits designed to satisfy the discerning investor\n\u2022 Location Technology Luxury Utility\nInspired by the Greek word -\u03bc\u03bf\u03bd\u03ac\u03c1\u03c7\u03b7\u03c2 -\nmeaning monarch, we have created a\nresidential project that will make you feel like royalty in every corner.\n\nThe project is based on a solid\nprinciple: the number 28 as a symbol of\nprosperity and good fortune shared in\neach of its 34 apartments.\n\nA space that symbolizes the highest level of\ncomfort and elegance.\t\t\t\t\t<\/p>\n\t\t\t\t\n\t\t\t<\/div>\n\t\t\t\n\t\t<\/div>\n\t\t\t\t\t\t<\/div>\n\t\t\t\t<div class=\"elementor-element elementor-element-c61297b elementor-position-left elementor-view-default elementor-mobile-position-top elementor-widget elementor-widget-icon-box\" data-id=\"c61297b\" data-element_type=\"widget\" data-widget_type=\"icon-box.default\">\n\t\t\t\t\t\t\t<div class=\"elementor-icon-box-wrapper\">\n\n\t\t\t\t\t\t<div class=\"elementor-icon-box-icon\">\n\t\t\t\t<span  class=\"elementor-icon\">\n\t\t\t\t<svg aria-hidden=\"true\" class=\"e-font-icon-svg e-fas-list-ul\" viewbox=\"0 0 512 512\" xmlns=\"http:\/\/www.w3.org\/2000\/svg\"><path d=\"M48 48a48 48 0 1 0 48 48 48 48 0 0 0-48-48zm0 160a48 48 0 1 0 48 48 48 48 0 0 0-48-48zm0 160a48 48 0 1 0 48 48 48 48 0 0 0-48-48zm448 16H176a16 16 0 0 0-16 16v32a16 16 0 0 0 16 16h320a16 16 0 0 0 16-16v-32a16 16 0 0 0-16-16zm0-320H176a16 16 0 0 0-16 16v32a16 16 0 0 0 16 16h320a16 16 0 0 0 16-16V80a16 16 0 0 0-16-16zm0 160H176a16 16 0 0 0-16 16v32a16 16 0 0 0 16 16h320a16 16 0 0 0 16-16v-32a16 16 0 0 0-16-16z\"><\/path><\/svg>\t\t\t\t<\/span>\n\t\t\t<\/div>\n\t\t\t\n\t\t\t\t\t\t<div class=\"elementor-icon-box-content\">\n\n\t\t\t\t\t\t\t\t\t<h3 class=\"elementor-icon-box-title\">\n\t\t\t\t\t\t<span  >\n\t\t\t\t\t\t\tAmenities\t\t\t\t\t\t<\/span>\n\t\t\t\t\t<\/h3>\n\t\t\t\t\n\t\t\t\t\n\t\t\t<\/div>\n\t\t\t\n\t\t<\/div>\n\t\t\t\t\t\t<\/div>\n\t\t\t\t<div class=\"elementor-element elementor-element-fbdc576 noSpace elementor-widget elementor-widget-text-editor\" data-id=\"fbdc576\" data-element_type=\"widget\" data-widget_type=\"text-editor.default\">\n\t\t\t\t\t\t\t\t\t<div id=\"bgLayers_comp-lvfuzdkc\" class=\"MW5IWV\" data-hook=\"bgLayers\" data-motion-part=\"BG_LAYER comp-lvfuzdkc\"><div id=\"bgMedia_comp-lvfuzdkc\" class=\"VgO9Yg\" data-motion-part=\"BG_MEDIA comp-lvfuzdkc\"><ul class=\"font_9 wixui-rich-text__text\"><li class=\"wixui-rich-text__text\"><p class=\"font_9 wixui-rich-text__text\">Infinity Pool<\/p><\/li><li>Sports Bar<\/li><li>Roof deck\u00a0<\/li><li>Lounge chairs<\/li><li>Grill area<\/li><li>Garden<\/li><li>Gym<\/li><li>Agreement with Beach Club<\/li><li>Private Jacuzzis<\/li><li>Cafeteria<\/li><li>Elevator<\/li><li>Loundry<\/li><li>Security lobby<\/li><\/ul><\/div><\/div>\t\t\t\t\t\t\t\t<\/div>\n\t\t\t\t<\/div>\n\t\t<div class=\"elementor-element elementor-element-089a966 e-con-full e-flex e-con e-child\" data-id=\"089a966\" data-element_type=\"container\">\n\t\t\t\t<div class=\"elementor-element elementor-element-4ceb6d7 elementor-widget elementor-widget-shortcode\" data-id=\"4ceb6d7\" data-element_type=\"widget\" data-widget_type=\"shortcode.default\">\n\t\t\t\t\t\t\t<div class=\"elementor-shortcode\">    <div class=\"slick-wrapper oportunidadesSlider\" id=\"slick_69e3b6a8dbd93\">\n        <div class=\"slider-for\">\n                            <div>\n                    <img decoding=\"async\" src=\"https:\/\/grupo-28.com\/wp-content\/uploads\/monarca_28\/monarca_28-1.webp\" alt=\"\">\n                <\/div>\n                            <div>\n                    <img decoding=\"async\" src=\"https:\/\/grupo-28.com\/wp-content\/uploads\/monarca_28\/monarca_28-10.webp\" alt=\"\">\n                <\/div>\n                            <div>\n                    <img decoding=\"async\" src=\"https:\/\/grupo-28.com\/wp-content\/uploads\/monarca_28\/monarca_28-11.webp\" alt=\"\">\n                <\/div>\n                            <div>\n                    <img decoding=\"async\" src=\"https:\/\/grupo-28.com\/wp-content\/uploads\/monarca_28\/monarca_28-12.webp\" alt=\"\">\n                <\/div>\n                            <div>\n                    <img decoding=\"async\" src=\"https:\/\/grupo-28.com\/wp-content\/uploads\/monarca_28\/monarca_28-2.webp\" alt=\"\">\n                <\/div>\n                            <div>\n                    <img decoding=\"async\" src=\"https:\/\/grupo-28.com\/wp-content\/uploads\/monarca_28\/monarca_28-3.webp\" alt=\"\">\n                <\/div>\n                            <div>\n                    <img decoding=\"async\" src=\"https:\/\/grupo-28.com\/wp-content\/uploads\/monarca_28\/monarca_28-4.webp\" alt=\"\">\n                <\/div>\n                            <div>\n                    <img decoding=\"async\" src=\"https:\/\/grupo-28.com\/wp-content\/uploads\/monarca_28\/monarca_28-5.webp\" alt=\"\">\n                <\/div>\n                            <div>\n                    <img decoding=\"async\" src=\"https:\/\/grupo-28.com\/wp-content\/uploads\/monarca_28\/monarca_28-6.webp\" alt=\"\">\n                <\/div>\n                            <div>\n                    <img decoding=\"async\" src=\"https:\/\/grupo-28.com\/wp-content\/uploads\/monarca_28\/monarca_28-7.webp\" alt=\"\">\n                <\/div>\n                            <div>\n                    <img decoding=\"async\" src=\"https:\/\/grupo-28.com\/wp-content\/uploads\/monarca_28\/monarca_28-8.webp\" alt=\"\">\n                <\/div>\n                            <div>\n                    <img decoding=\"async\" src=\"https:\/\/grupo-28.com\/wp-content\/uploads\/monarca_28\/monarca_28-9.webp\" alt=\"\">\n                <\/div>\n                            <div>\n                    <img decoding=\"async\" src=\"https:\/\/grupo-28.com\/wp-content\/uploads\/monarca_28\/monarca_28-fachada.webp\" alt=\"\">\n                <\/div>\n                            <div>\n                    <img decoding=\"async\" src=\"https:\/\/grupo-28.com\/wp-content\/uploads\/monarca_28\/monarca_28-home-1.webp\" alt=\"\">\n                <\/div>\n                            <div>\n                    <img decoding=\"async\" src=\"https:\/\/grupo-28.com\/wp-content\/uploads\/monarca_28\/monarca_28-home-2.webp\" alt=\"\">\n                <\/div>\n                            <div>\n                    <img decoding=\"async\" src=\"https:\/\/grupo-28.com\/wp-content\/uploads\/monarca_28\/monarca_28-home-3.webp\" alt=\"\">\n                <\/div>\n                            <div>\n                    <img decoding=\"async\" src=\"https:\/\/grupo-28.com\/wp-content\/uploads\/monarca_28\/monarca_28-home-4.webp\" alt=\"\">\n                <\/div>\n                            <div>\n                    <img decoding=\"async\" src=\"https:\/\/grupo-28.com\/wp-content\/uploads\/monarca_28\/monarca_28-home-5.webp\" alt=\"\">\n                <\/div>\n                            <div>\n                    <img decoding=\"async\" src=\"https:\/\/grupo-28.com\/wp-content\/uploads\/monarca_28\/monarca_28-home-6.webp\" alt=\"\">\n                <\/div>\n                            <div>\n                    <img decoding=\"async\" src=\"https:\/\/grupo-28.com\/wp-content\/uploads\/monarca_28\/monarca_28-home-7.webp\" alt=\"\">\n                <\/div>\n                    <\/div>\n        <div class=\"slider-nav\">\n                            <div>\n                    <img decoding=\"async\" src=\"https:\/\/grupo-28.com\/wp-content\/uploads\/monarca_28\/monarca_28-1.webp\" alt=\"\">\n                <\/div>\n                            <div>\n                    <img decoding=\"async\" src=\"https:\/\/grupo-28.com\/wp-content\/uploads\/monarca_28\/monarca_28-10.webp\" alt=\"\">\n                <\/div>\n                            <div>\n                    <img decoding=\"async\" src=\"https:\/\/grupo-28.com\/wp-content\/uploads\/monarca_28\/monarca_28-11.webp\" alt=\"\">\n                <\/div>\n                            <div>\n                    <img decoding=\"async\" src=\"https:\/\/grupo-28.com\/wp-content\/uploads\/monarca_28\/monarca_28-12.webp\" alt=\"\">\n                <\/div>\n                            <div>\n                    <img decoding=\"async\" src=\"https:\/\/grupo-28.com\/wp-content\/uploads\/monarca_28\/monarca_28-2.webp\" alt=\"\">\n                <\/div>\n                            <div>\n                    <img decoding=\"async\" src=\"https:\/\/grupo-28.com\/wp-content\/uploads\/monarca_28\/monarca_28-3.webp\" alt=\"\">\n                <\/div>\n                            <div>\n                    <img decoding=\"async\" src=\"https:\/\/grupo-28.com\/wp-content\/uploads\/monarca_28\/monarca_28-4.webp\" alt=\"\">\n                <\/div>\n                            <div>\n                    <img decoding=\"async\" src=\"https:\/\/grupo-28.com\/wp-content\/uploads\/monarca_28\/monarca_28-5.webp\" alt=\"\">\n                <\/div>\n                            <div>\n                    <img decoding=\"async\" src=\"https:\/\/grupo-28.com\/wp-content\/uploads\/monarca_28\/monarca_28-6.webp\" alt=\"\">\n                <\/div>\n                            <div>\n                    <img decoding=\"async\" src=\"https:\/\/grupo-28.com\/wp-content\/uploads\/monarca_28\/monarca_28-7.webp\" alt=\"\">\n                <\/div>\n                            <div>\n                    <img decoding=\"async\" src=\"https:\/\/grupo-28.com\/wp-content\/uploads\/monarca_28\/monarca_28-8.webp\" alt=\"\">\n                <\/div>\n                            <div>\n                    <img decoding=\"async\" src=\"https:\/\/grupo-28.com\/wp-content\/uploads\/monarca_28\/monarca_28-9.webp\" alt=\"\">\n                <\/div>\n                            <div>\n                    <img decoding=\"async\" src=\"https:\/\/grupo-28.com\/wp-content\/uploads\/monarca_28\/monarca_28-fachada.webp\" alt=\"\">\n                <\/div>\n                            <div>\n                    <img decoding=\"async\" src=\"https:\/\/grupo-28.com\/wp-content\/uploads\/monarca_28\/monarca_28-home-1.webp\" alt=\"\">\n                <\/div>\n                            <div>\n                    <img decoding=\"async\" src=\"https:\/\/grupo-28.com\/wp-content\/uploads\/monarca_28\/monarca_28-home-2.webp\" alt=\"\">\n                <\/div>\n                            <div>\n                    <img decoding=\"async\" src=\"https:\/\/grupo-28.com\/wp-content\/uploads\/monarca_28\/monarca_28-home-3.webp\" alt=\"\">\n                <\/div>\n                            <div>\n                    <img decoding=\"async\" src=\"https:\/\/grupo-28.com\/wp-content\/uploads\/monarca_28\/monarca_28-home-4.webp\" alt=\"\">\n                <\/div>\n                            <div>\n                    <img decoding=\"async\" src=\"https:\/\/grupo-28.com\/wp-content\/uploads\/monarca_28\/monarca_28-home-5.webp\" alt=\"\">\n                <\/div>\n                            <div>\n                    <img decoding=\"async\" src=\"https:\/\/grupo-28.com\/wp-content\/uploads\/monarca_28\/monarca_28-home-6.webp\" alt=\"\">\n                <\/div>\n                            <div>\n                    <img decoding=\"async\" src=\"https:\/\/grupo-28.com\/wp-content\/uploads\/monarca_28\/monarca_28-home-7.webp\" alt=\"\">\n                <\/div>\n                    <\/div>\n    <\/div>\n\n    <script>\n    jQuery(document).ready(function($){\n        var $wrapper = $('#slick_69e3b6a8dbd93');\n        var $sliderFor = $wrapper.find('.slider-for');\n        var $sliderNav = $wrapper.find('.slider-nav');\n\n        $sliderFor.slick({\n            slidesToShow: 1,\n            slidesToScroll: 1,\n            arrows: false,\n            fade: true,\n            asNavFor: $sliderNav\n        });\n        $sliderNav.slick({\n            slidesToShow: 4,\n            slidesToScroll: 1,\n            asNavFor: $sliderFor,\n            dots: false,\n            centerMode: true,\n            focusOnSelect: true,\n            autoplay: true\n        });\n    });\n    <\/script>\n    <\/div>\n\t\t\t\t\t\t<\/div>\n\t\t\t\t<\/div>\n\t\t\t\t<\/div>\n\t\t\t\t<\/div>\n\t\t\t\t<\/div>","protected":false},"excerpt":{"rendered":"<p>\u2022 Nuestros Proyectos \u2022 Monarca 28 Ubicaci\u00f3n Ubicado en el Coraz\u00f3n de Playa del Carmen ( justo frente a plaza las Am\u00e9ricas \/ frente a Carls jr.) Descripci\u00f3n Unidades creadas para satisfacer el inversor experto \u2022Ubicaci\u00f3n Tecnolog\u00eda Lujo Utilidad Inspirado en la palabra griega -\u03bc\u03bf\u03bd\u03ac\u03c1\u03c7\u03b7\u03c2 &#8211; que significa monarca, hemos creado un proyecto residencial que [&hellip;]<\/p>","protected":false},"author":1,"featured_media":0,"parent":0,"menu_order":0,"comment_status":"closed","ping_status":"closed","template":"","meta":{"footnotes":""},"class_list":["post-354","page","type-page","status-publish","hentry"],"yoast_head":"<!-- This site is optimized with the Yoast SEO plugin v27.1.1 - https:\/\/yoast.com\/product\/yoast-seo-wordpress\/ -->\n<title>Monarca 28 - Grupo 28<\/title>\n<meta name=\"robots\" content=\"index, follow, max-snippet:-1, max-image-preview:large, max-video-preview:-1\" \/>\n<link rel=\"canonical\" href=\"https:\/\/grupo-28.com\/en\/monarca-28\/\" \/>\n<meta property=\"og:locale\" content=\"en_US\" \/>\n<meta property=\"og:type\" content=\"article\" \/>\n<meta property=\"og:title\" content=\"Monarca 28 - Grupo 28\" \/>\n<meta property=\"og:description\" content=\"\u2022 Nuestros Proyectos \u2022 Monarca 28 Ubicaci\u00f3n Ubicado en el Coraz\u00f3n de Playa del Carmen ( justo frente a plaza las Am\u00e9ricas \/ frente a Carls jr.) Descripci\u00f3n Unidades creadas para satisfacer el inversor experto \u2022Ubicaci\u00f3n Tecnolog\u00eda Lujo Utilidad Inspirado en la palabra griega -\u03bc\u03bf\u03bd\u03ac\u03c1\u03c7\u03b7\u03c2 &#8211; que significa monarca, hemos creado un proyecto residencial que [&hellip;]\" \/>\n<meta property=\"og:url\" content=\"https:\/\/grupo-28.com\/en\/monarca-28\/\" \/>\n<meta property=\"og:site_name\" content=\"Grupo 28\" \/>\n<meta property=\"article:modified_time\" content=\"2025-12-16T18:21:46+00:00\" \/>\n<meta property=\"og:image\" content=\"https:\/\/grupo-28.playaprojects.com\/wp-content\/uploads\/monarca_28_logo_white-1.webp\" \/>\n<meta name=\"twitter:card\" content=\"summary_large_image\" \/>\n<meta name=\"twitter:label1\" content=\"Est. reading time\" \/>\n\t<meta name=\"twitter:data1\" content=\"1 minute\" \/>\n<script type=\"application\/ld+json\" class=\"yoast-schema-graph\">{\"@context\":\"https:\/\/schema.org\",\"@graph\":[{\"@type\":\"WebPage\",\"@id\":\"https:\/\/grupo-28.com\/monarca-28\/\",\"url\":\"https:\/\/grupo-28.com\/monarca-28\/\",\"name\":\"Monarca 28 - Grupo 28\",\"isPartOf\":{\"@id\":\"https:\/\/grupo-28.com\/#website\"},\"primaryImageOfPage\":{\"@id\":\"https:\/\/grupo-28.com\/monarca-28\/#primaryimage\"},\"image\":{\"@id\":\"https:\/\/grupo-28.com\/monarca-28\/#primaryimage\"},\"thumbnailUrl\":\"https:\/\/grupo-28.playaprojects.com\/wp-content\/uploads\/monarca_28_logo_white-1.webp\",\"datePublished\":\"2025-11-11T17:19:44+00:00\",\"dateModified\":\"2025-12-16T18:21:46+00:00\",\"breadcrumb\":{\"@id\":\"https:\/\/grupo-28.com\/monarca-28\/#breadcrumb\"},\"inLanguage\":\"en-US\",\"potentialAction\":[{\"@type\":\"ReadAction\",\"target\":[\"https:\/\/grupo-28.com\/monarca-28\/\"]}]},{\"@type\":\"ImageObject\",\"inLanguage\":\"en-US\",\"@id\":\"https:\/\/grupo-28.com\/monarca-28\/#primaryimage\",\"url\":\"https:\/\/grupo-28.playaprojects.com\/wp-content\/uploads\/monarca_28_logo_white-1.webp\",\"contentUrl\":\"https:\/\/grupo-28.playaprojects.com\/wp-content\/uploads\/monarca_28_logo_white-1.webp\"},{\"@type\":\"BreadcrumbList\",\"@id\":\"https:\/\/grupo-28.com\/monarca-28\/#breadcrumb\",\"itemListElement\":[{\"@type\":\"ListItem\",\"position\":1,\"name\":\"Inicio\",\"item\":\"https:\/\/grupo-28.com\/\"},{\"@type\":\"ListItem\",\"position\":2,\"name\":\"Monarca 28\"}]},{\"@type\":\"WebSite\",\"@id\":\"https:\/\/grupo-28.com\/#website\",\"url\":\"https:\/\/grupo-28.com\/\",\"name\":\"Grupo 28\",\"description\":\"Rentabilidad hoy, plusval\u00eda ma\u00f1ana.\",\"publisher\":{\"@id\":\"https:\/\/grupo-28.com\/#organization\"},\"alternateName\":\"Grupo 28\",\"potentialAction\":[{\"@type\":\"SearchAction\",\"target\":{\"@type\":\"EntryPoint\",\"urlTemplate\":\"https:\/\/grupo-28.com\/?s={search_term_string}\"},\"query-input\":{\"@type\":\"PropertyValueSpecification\",\"valueRequired\":true,\"valueName\":\"search_term_string\"}}],\"inLanguage\":\"en-US\"},{\"@type\":\"Organization\",\"@id\":\"https:\/\/grupo-28.com\/#organization\",\"name\":\"Grupo 28\",\"alternateName\":\"Grupo 28\",\"url\":\"https:\/\/grupo-28.com\/\",\"logo\":{\"@type\":\"ImageObject\",\"inLanguage\":\"en-US\",\"@id\":\"https:\/\/grupo-28.com\/#\/schema\/logo\/image\/\",\"url\":\"https:\/\/grupo-28.com\/wp-content\/uploads\/grupo28-ogp.jpg\",\"contentUrl\":\"https:\/\/grupo-28.com\/wp-content\/uploads\/grupo28-ogp.jpg\",\"width\":1200,\"height\":1200,\"caption\":\"Grupo 28\"},\"image\":{\"@id\":\"https:\/\/grupo-28.com\/#\/schema\/logo\/image\/\"},\"sameAs\":[\"https:\/\/www.instagram.com\/grup028\"]}]}<\/script>\n<!-- \/ Yoast SEO plugin. -->","yoast_head_json":{"title":"Monarca 28 - Grupo 28","robots":{"index":"index","follow":"follow","max-snippet":"max-snippet:-1","max-image-preview":"max-image-preview:large","max-video-preview":"max-video-preview:-1"},"canonical":"https:\/\/grupo-28.com\/en\/monarca-28\/","og_locale":"en_US","og_type":"article","og_title":"Monarca 28 - Grupo 28","og_description":"\u2022 Nuestros Proyectos \u2022 Monarca 28 Ubicaci\u00f3n Ubicado en el Coraz\u00f3n de Playa del Carmen ( justo frente a plaza las Am\u00e9ricas \/ frente a Carls jr.) Descripci\u00f3n Unidades creadas para satisfacer el inversor experto \u2022Ubicaci\u00f3n Tecnolog\u00eda Lujo Utilidad Inspirado en la palabra griega -\u03bc\u03bf\u03bd\u03ac\u03c1\u03c7\u03b7\u03c2 &#8211; que significa monarca, hemos creado un proyecto residencial que [&hellip;]","og_url":"https:\/\/grupo-28.com\/en\/monarca-28\/","og_site_name":"Grupo 28","article_modified_time":"2025-12-16T18:21:46+00:00","og_image":[{"url":"https:\/\/grupo-28.playaprojects.com\/wp-content\/uploads\/monarca_28_logo_white-1.webp","type":"","width":"","height":""}],"twitter_card":"summary_large_image","twitter_misc":{"Est. reading time":"1 minute"},"schema":{"@context":"https:\/\/schema.org","@graph":[{"@type":"WebPage","@id":"https:\/\/grupo-28.com\/monarca-28\/","url":"https:\/\/grupo-28.com\/monarca-28\/","name":"Monarca 28 - Grupo 28","isPartOf":{"@id":"https:\/\/grupo-28.com\/#website"},"primaryImageOfPage":{"@id":"https:\/\/grupo-28.com\/monarca-28\/#primaryimage"},"image":{"@id":"https:\/\/grupo-28.com\/monarca-28\/#primaryimage"},"thumbnailUrl":"https:\/\/grupo-28.playaprojects.com\/wp-content\/uploads\/monarca_28_logo_white-1.webp","datePublished":"2025-11-11T17:19:44+00:00","dateModified":"2025-12-16T18:21:46+00:00","breadcrumb":{"@id":"https:\/\/grupo-28.com\/monarca-28\/#breadcrumb"},"inLanguage":"en-US","potentialAction":[{"@type":"ReadAction","target":["https:\/\/grupo-28.com\/monarca-28\/"]}]},{"@type":"ImageObject","inLanguage":"en-US","@id":"https:\/\/grupo-28.com\/monarca-28\/#primaryimage","url":"https:\/\/grupo-28.playaprojects.com\/wp-content\/uploads\/monarca_28_logo_white-1.webp","contentUrl":"https:\/\/grupo-28.playaprojects.com\/wp-content\/uploads\/monarca_28_logo_white-1.webp"},{"@type":"BreadcrumbList","@id":"https:\/\/grupo-28.com\/monarca-28\/#breadcrumb","itemListElement":[{"@type":"ListItem","position":1,"name":"Inicio","item":"https:\/\/grupo-28.com\/"},{"@type":"ListItem","position":2,"name":"Monarca 28"}]},{"@type":"WebSite","@id":"https:\/\/grupo-28.com\/#website","url":"https:\/\/grupo-28.com\/","name":"Grupo 28","description":"Rentabilidad hoy, plusval\u00eda ma\u00f1ana.","publisher":{"@id":"https:\/\/grupo-28.com\/#organization"},"alternateName":"Grupo 28","potentialAction":[{"@type":"SearchAction","target":{"@type":"EntryPoint","urlTemplate":"https:\/\/grupo-28.com\/?s={search_term_string}"},"query-input":{"@type":"PropertyValueSpecification","valueRequired":true,"valueName":"search_term_string"}}],"inLanguage":"en-US"},{"@type":"Organization","@id":"https:\/\/grupo-28.com\/#organization","name":"Grupo 28","alternateName":"Grupo 28","url":"https:\/\/grupo-28.com\/","logo":{"@type":"ImageObject","inLanguage":"en-US","@id":"https:\/\/grupo-28.com\/#\/schema\/logo\/image\/","url":"https:\/\/grupo-28.com\/wp-content\/uploads\/grupo28-ogp.jpg","contentUrl":"https:\/\/grupo-28.com\/wp-content\/uploads\/grupo28-ogp.jpg","width":1200,"height":1200,"caption":"Grupo 28"},"image":{"@id":"https:\/\/grupo-28.com\/#\/schema\/logo\/image\/"},"sameAs":["https:\/\/www.instagram.com\/grup028"]}]}},"_links":{"self":[{"href":"https:\/\/grupo-28.com\/en\/wp-json\/wp\/v2\/pages\/354","targetHints":{"allow":["GET"]}}],"collection":[{"href":"https:\/\/grupo-28.com\/en\/wp-json\/wp\/v2\/pages"}],"about":[{"href":"https:\/\/grupo-28.com\/en\/wp-json\/wp\/v2\/types\/page"}],"author":[{"embeddable":true,"href":"https:\/\/grupo-28.com\/en\/wp-json\/wp\/v2\/users\/1"}],"replies":[{"embeddable":true,"href":"https:\/\/grupo-28.com\/en\/wp-json\/wp\/v2\/comments?post=354"}],"version-history":[{"count":31,"href":"https:\/\/grupo-28.com\/en\/wp-json\/wp\/v2\/pages\/354\/revisions"}],"predecessor-version":[{"id":558,"href":"https:\/\/grupo-28.com\/en\/wp-json\/wp\/v2\/pages\/354\/revisions\/558"}],"wp:attachment":[{"href":"https:\/\/grupo-28.com\/en\/wp-json\/wp\/v2\/media?parent=354"}],"curies":[{"name":"wp","href":"https:\/\/api.w.org\/{rel}","templated":true}]}}