{"id":295,"date":"2025-10-27T15:52:06","date_gmt":"2025-10-27T22:52:06","guid":{"rendered":"https:\/\/grupo-28.playaprojects.com\/?page_id=295"},"modified":"2025-11-14T11:26:52","modified_gmt":"2025-11-14T18:26:52","slug":"proyectos","status":"publish","type":"page","link":"https:\/\/grupo-28.com\/en\/proyectos\/","title":{"rendered":"Proyectos"},"content":{"rendered":"<div data-elementor-type=\"wp-page\" data-elementor-id=\"295\" class=\"elementor elementor-295\">\n\t\t\t\t<div class=\"elementor-element elementor-element-6ed696e e-con-full e-flex e-con e-parent\" data-id=\"6ed696e\" data-element_type=\"container\" data-settings=\"{&quot;background_background&quot;:&quot;classic&quot;}\">\n\t\t\t\t<div class=\"elementor-element elementor-element-785edf0 elementor-widget elementor-widget-text-editor\" data-id=\"785edf0\" data-element_type=\"widget\" data-widget_type=\"text-editor.default\">\n\t\t\t\t\t\t\t\t\t<p>Our Projects<\/p>\t\t\t\t\t\t\t\t<\/div>\n\t\t\t\t<div class=\"elementor-element elementor-element-ccefc83 elementor-widget elementor-widget-text-editor\" data-id=\"ccefc83\" data-element_type=\"widget\" data-widget_type=\"text-editor.default\">\n\t\t\t\t\t\t\t\t\t<p>As a professional commercial real estate development company, we help investors and businesses bring their ideas to life.<\/p><p>We have taken on many projects, both small and large scale, since 2020.<\/p><p>No matter the scope, we are always involved in every aspect of the development process, from conception to implementation. <br \/>Learn about some of our latest projects and contact us for more information.<\/p>\t\t\t\t\t\t\t\t<\/div>\n\t\t<div class=\"elementor-element elementor-element-32907b8 e-con-full e-flex e-con e-child\" data-id=\"32907b8\" data-element_type=\"container\">\n\t\t<div class=\"elementor-element elementor-element-a7399ba e-con-full divisorRight e-flex e-con e-child\" data-id=\"a7399ba\" data-element_type=\"container\">\n\t\t\t\t<div class=\"elementor-element elementor-element-f3cbac2 elementor-widget elementor-widget-image\" data-id=\"f3cbac2\" data-element_type=\"widget\" data-widget_type=\"image.default\">\n\t\t\t\t\t\t\t\t\t\t\t\t\t\t\t<img fetchpriority=\"high\" decoding=\"async\" width=\"600\" height=\"400\" src=\"https:\/\/grupo-28.com\/wp-content\/uploads\/grupo_28-monarca_28-fachada.webp\" class=\"attachment-large size-large wp-image-310\" alt=\"\" \/>\t\t\t\t\t\t\t\t\t\t\t\t\t\t\t<\/div>\n\t\t<div class=\"elementor-element elementor-element-dfa7691 e-con-full e-flex e-con e-child\" data-id=\"dfa7691\" data-element_type=\"container\" data-settings=\"{&quot;background_background&quot;:&quot;gradient&quot;}\">\n\t\t\t\t<div class=\"elementor-element elementor-element-d43117f elementor-widget elementor-widget-image\" data-id=\"d43117f\" data-element_type=\"widget\" data-widget_type=\"image.default\">\n\t\t\t\t\t\t\t\t\t\t\t\t\t\t\t<img decoding=\"async\" width=\"1000\" height=\"600\" src=\"https:\/\/grupo-28.com\/wp-content\/uploads\/monarca_28_logo_white.webp\" class=\"attachment-large size-large wp-image-157\" alt=\"\" \/>\t\t\t\t\t\t\t\t\t\t\t\t\t\t\t<\/div>\n\t\t\t\t<div class=\"elementor-element elementor-element-f508eff text-center elementor-widget elementor-widget-html\" data-id=\"f508eff\" data-element_type=\"widget\" data-widget_type=\"html.default\">\n\t\t\t\t\t<a href=\"\/en\/proyectos\/monarca-28\/\" class=\"buttonWhite\">Get to know it<\/a>\t\t\t\t<\/div>\n\t\t\t\t<\/div>\n\t\t\t\t<\/div>\n\t\t<div class=\"elementor-element elementor-element-6ad851e e-con-full e-flex e-con e-child\" data-id=\"6ad851e\" data-element_type=\"container\">\n\t\t\t\t<div class=\"elementor-element elementor-element-83b3334 elementor-widget elementor-widget-image\" data-id=\"83b3334\" data-element_type=\"widget\" data-widget_type=\"image.default\">\n\t\t\t\t\t\t\t\t\t\t\t\t\t\t\t<img decoding=\"async\" width=\"600\" height=\"400\" src=\"https:\/\/grupo-28.com\/wp-content\/uploads\/grupo_28-gobernador_28-fachada.webp\" class=\"attachment-large size-large wp-image-301\" alt=\"\" \/>\t\t\t\t\t\t\t\t\t\t\t\t\t\t\t<\/div>\n\t\t<div class=\"elementor-element elementor-element-f85b862 e-con-full e-flex e-con e-child\" data-id=\"f85b862\" data-element_type=\"container\" data-settings=\"{&quot;background_background&quot;:&quot;gradient&quot;}\">\n\t\t\t\t<div class=\"elementor-element elementor-element-0fe73ee elementor-widget elementor-widget-image\" data-id=\"0fe73ee\" data-element_type=\"widget\" data-widget_type=\"image.default\">\n\t\t\t\t\t\t\t\t\t\t\t\t\t\t\t<img loading=\"lazy\" decoding=\"async\" width=\"1000\" height=\"600\" src=\"https:\/\/grupo-28.com\/wp-content\/uploads\/gobernador_28_logo_white.webp\" class=\"attachment-large size-large wp-image-158\" alt=\"\" \/>\t\t\t\t\t\t\t\t\t\t\t\t\t\t\t<\/div>\n\t\t\t\t<div class=\"elementor-element elementor-element-42ee476 text-center elementor-widget elementor-widget-html\" data-id=\"42ee476\" data-element_type=\"widget\" data-widget_type=\"html.default\">\n\t\t\t\t\t<a href=\"\/en\/proyectos\/gobernador-28\/\" class=\"buttonWhite\">Get to know it<\/a>\t\t\t\t<\/div>\n\t\t\t\t<\/div>\n\t\t\t\t<\/div>\n\t\t\t\t<\/div>\n\t\t\t\t<\/div>\n\t\t\t\t<\/div>","protected":false},"excerpt":{"rendered":"<p>Nuestros Proyectos Como Empresa de desarrollo inmobiliario comercial profesional ayudamos a los inversionistas y empresas a dar vida a sus ideas. Nos hemos hecho cargo de muchos proyectos a peque\u00f1a y gran escala desde 2020. No importa cu\u00e1l sea el alcance, siempre estamos involucrados en todos los aspectos del proceso de desarrollo, desde la concepci\u00f3n [&hellip;]<\/p>","protected":false},"author":1,"featured_media":0,"parent":0,"menu_order":0,"comment_status":"closed","ping_status":"closed","template":"","meta":{"footnotes":""},"class_list":["post-295","page","type-page","status-publish","hentry"],"yoast_head":"<!-- This site is optimized with the Yoast SEO plugin v27.1.1 - https:\/\/yoast.com\/product\/yoast-seo-wordpress\/ -->\n<title>Proyectos - Grupo 28<\/title>\n<meta name=\"robots\" content=\"index, follow, max-snippet:-1, max-image-preview:large, max-video-preview:-1\" \/>\n<link rel=\"canonical\" href=\"https:\/\/grupo-28.com\/en\/proyectos\/\" \/>\n<meta property=\"og:locale\" content=\"en_US\" \/>\n<meta property=\"og:type\" content=\"article\" \/>\n<meta property=\"og:title\" content=\"Proyectos - Grupo 28\" \/>\n<meta property=\"og:description\" content=\"Nuestros Proyectos Como Empresa de desarrollo inmobiliario comercial profesional ayudamos a los inversionistas y empresas a dar vida a sus ideas. Nos hemos hecho cargo de muchos proyectos a peque\u00f1a y gran escala desde 2020. No importa cu\u00e1l sea el alcance, siempre estamos involucrados en todos los aspectos del proceso de desarrollo, desde la concepci\u00f3n [&hellip;]\" \/>\n<meta property=\"og:url\" content=\"https:\/\/grupo-28.com\/en\/proyectos\/\" \/>\n<meta property=\"og:site_name\" content=\"Grupo 28\" \/>\n<meta property=\"article:modified_time\" content=\"2025-11-14T18:26:52+00:00\" \/>\n<meta property=\"og:image\" content=\"https:\/\/grupo-28.playaprojects.com\/wp-content\/uploads\/grupo_28-monarca_28-fachada.webp\" \/>\n<meta name=\"twitter:card\" content=\"summary_large_image\" \/>\n<script type=\"application\/ld+json\" class=\"yoast-schema-graph\">{\"@context\":\"https:\/\/schema.org\",\"@graph\":[{\"@type\":\"WebPage\",\"@id\":\"https:\/\/grupo-28.com\/proyectos\/\",\"url\":\"https:\/\/grupo-28.com\/proyectos\/\",\"name\":\"Proyectos - Grupo 28\",\"isPartOf\":{\"@id\":\"https:\/\/grupo-28.com\/#website\"},\"primaryImageOfPage\":{\"@id\":\"https:\/\/grupo-28.com\/proyectos\/#primaryimage\"},\"image\":{\"@id\":\"https:\/\/grupo-28.com\/proyectos\/#primaryimage\"},\"thumbnailUrl\":\"https:\/\/grupo-28.playaprojects.com\/wp-content\/uploads\/grupo_28-monarca_28-fachada.webp\",\"datePublished\":\"2025-10-27T22:52:06+00:00\",\"dateModified\":\"2025-11-14T18:26:52+00:00\",\"breadcrumb\":{\"@id\":\"https:\/\/grupo-28.com\/proyectos\/#breadcrumb\"},\"inLanguage\":\"en-US\",\"potentialAction\":[{\"@type\":\"ReadAction\",\"target\":[\"https:\/\/grupo-28.com\/proyectos\/\"]}]},{\"@type\":\"ImageObject\",\"inLanguage\":\"en-US\",\"@id\":\"https:\/\/grupo-28.com\/proyectos\/#primaryimage\",\"url\":\"https:\/\/grupo-28.playaprojects.com\/wp-content\/uploads\/grupo_28-monarca_28-fachada.webp\",\"contentUrl\":\"https:\/\/grupo-28.playaprojects.com\/wp-content\/uploads\/grupo_28-monarca_28-fachada.webp\"},{\"@type\":\"BreadcrumbList\",\"@id\":\"https:\/\/grupo-28.com\/proyectos\/#breadcrumb\",\"itemListElement\":[{\"@type\":\"ListItem\",\"position\":1,\"name\":\"Inicio\",\"item\":\"https:\/\/grupo-28.com\/\"},{\"@type\":\"ListItem\",\"position\":2,\"name\":\"Proyectos\"}]},{\"@type\":\"WebSite\",\"@id\":\"https:\/\/grupo-28.com\/#website\",\"url\":\"https:\/\/grupo-28.com\/\",\"name\":\"Grupo 28\",\"description\":\"Rentabilidad hoy, plusval\u00eda ma\u00f1ana.\",\"publisher\":{\"@id\":\"https:\/\/grupo-28.com\/#organization\"},\"alternateName\":\"Grupo 28\",\"potentialAction\":[{\"@type\":\"SearchAction\",\"target\":{\"@type\":\"EntryPoint\",\"urlTemplate\":\"https:\/\/grupo-28.com\/?s={search_term_string}\"},\"query-input\":{\"@type\":\"PropertyValueSpecification\",\"valueRequired\":true,\"valueName\":\"search_term_string\"}}],\"inLanguage\":\"en-US\"},{\"@type\":\"Organization\",\"@id\":\"https:\/\/grupo-28.com\/#organization\",\"name\":\"Grupo 28\",\"alternateName\":\"Grupo 28\",\"url\":\"https:\/\/grupo-28.com\/\",\"logo\":{\"@type\":\"ImageObject\",\"inLanguage\":\"en-US\",\"@id\":\"https:\/\/grupo-28.com\/#\/schema\/logo\/image\/\",\"url\":\"https:\/\/grupo-28.com\/wp-content\/uploads\/grupo28-ogp.jpg\",\"contentUrl\":\"https:\/\/grupo-28.com\/wp-content\/uploads\/grupo28-ogp.jpg\",\"width\":1200,\"height\":1200,\"caption\":\"Grupo 28\"},\"image\":{\"@id\":\"https:\/\/grupo-28.com\/#\/schema\/logo\/image\/\"},\"sameAs\":[\"https:\/\/www.instagram.com\/grup028\"]}]}<\/script>\n<!-- \/ Yoast SEO plugin. -->","yoast_head_json":{"title":"Proyectos - Grupo 28","robots":{"index":"index","follow":"follow","max-snippet":"max-snippet:-1","max-image-preview":"max-image-preview:large","max-video-preview":"max-video-preview:-1"},"canonical":"https:\/\/grupo-28.com\/en\/proyectos\/","og_locale":"en_US","og_type":"article","og_title":"Proyectos - Grupo 28","og_description":"Nuestros Proyectos Como Empresa de desarrollo inmobiliario comercial profesional ayudamos a los inversionistas y empresas a dar vida a sus ideas. Nos hemos hecho cargo de muchos proyectos a peque\u00f1a y gran escala desde 2020. No importa cu\u00e1l sea el alcance, siempre estamos involucrados en todos los aspectos del proceso de desarrollo, desde la concepci\u00f3n [&hellip;]","og_url":"https:\/\/grupo-28.com\/en\/proyectos\/","og_site_name":"Grupo 28","article_modified_time":"2025-11-14T18:26:52+00:00","og_image":[{"url":"https:\/\/grupo-28.playaprojects.com\/wp-content\/uploads\/grupo_28-monarca_28-fachada.webp","type":"","width":"","height":""}],"twitter_card":"summary_large_image","schema":{"@context":"https:\/\/schema.org","@graph":[{"@type":"WebPage","@id":"https:\/\/grupo-28.com\/proyectos\/","url":"https:\/\/grupo-28.com\/proyectos\/","name":"Proyectos - Grupo 28","isPartOf":{"@id":"https:\/\/grupo-28.com\/#website"},"primaryImageOfPage":{"@id":"https:\/\/grupo-28.com\/proyectos\/#primaryimage"},"image":{"@id":"https:\/\/grupo-28.com\/proyectos\/#primaryimage"},"thumbnailUrl":"https:\/\/grupo-28.playaprojects.com\/wp-content\/uploads\/grupo_28-monarca_28-fachada.webp","datePublished":"2025-10-27T22:52:06+00:00","dateModified":"2025-11-14T18:26:52+00:00","breadcrumb":{"@id":"https:\/\/grupo-28.com\/proyectos\/#breadcrumb"},"inLanguage":"en-US","potentialAction":[{"@type":"ReadAction","target":["https:\/\/grupo-28.com\/proyectos\/"]}]},{"@type":"ImageObject","inLanguage":"en-US","@id":"https:\/\/grupo-28.com\/proyectos\/#primaryimage","url":"https:\/\/grupo-28.playaprojects.com\/wp-content\/uploads\/grupo_28-monarca_28-fachada.webp","contentUrl":"https:\/\/grupo-28.playaprojects.com\/wp-content\/uploads\/grupo_28-monarca_28-fachada.webp"},{"@type":"BreadcrumbList","@id":"https:\/\/grupo-28.com\/proyectos\/#breadcrumb","itemListElement":[{"@type":"ListItem","position":1,"name":"Inicio","item":"https:\/\/grupo-28.com\/"},{"@type":"ListItem","position":2,"name":"Proyectos"}]},{"@type":"WebSite","@id":"https:\/\/grupo-28.com\/#website","url":"https:\/\/grupo-28.com\/","name":"Grupo 28","description":"Rentabilidad hoy, plusval\u00eda ma\u00f1ana.","publisher":{"@id":"https:\/\/grupo-28.com\/#organization"},"alternateName":"Grupo 28","potentialAction":[{"@type":"SearchAction","target":{"@type":"EntryPoint","urlTemplate":"https:\/\/grupo-28.com\/?s={search_term_string}"},"query-input":{"@type":"PropertyValueSpecification","valueRequired":true,"valueName":"search_term_string"}}],"inLanguage":"en-US"},{"@type":"Organization","@id":"https:\/\/grupo-28.com\/#organization","name":"Grupo 28","alternateName":"Grupo 28","url":"https:\/\/grupo-28.com\/","logo":{"@type":"ImageObject","inLanguage":"en-US","@id":"https:\/\/grupo-28.com\/#\/schema\/logo\/image\/","url":"https:\/\/grupo-28.com\/wp-content\/uploads\/grupo28-ogp.jpg","contentUrl":"https:\/\/grupo-28.com\/wp-content\/uploads\/grupo28-ogp.jpg","width":1200,"height":1200,"caption":"Grupo 28"},"image":{"@id":"https:\/\/grupo-28.com\/#\/schema\/logo\/image\/"},"sameAs":["https:\/\/www.instagram.com\/grup028"]}]}},"_links":{"self":[{"href":"https:\/\/grupo-28.com\/en\/wp-json\/wp\/v2\/pages\/295","targetHints":{"allow":["GET"]}}],"collection":[{"href":"https:\/\/grupo-28.com\/en\/wp-json\/wp\/v2\/pages"}],"about":[{"href":"https:\/\/grupo-28.com\/en\/wp-json\/wp\/v2\/types\/page"}],"author":[{"embeddable":true,"href":"https:\/\/grupo-28.com\/en\/wp-json\/wp\/v2\/users\/1"}],"replies":[{"embeddable":true,"href":"https:\/\/grupo-28.com\/en\/wp-json\/wp\/v2\/comments?post=295"}],"version-history":[{"count":52,"href":"https:\/\/grupo-28.com\/en\/wp-json\/wp\/v2\/pages\/295\/revisions"}],"predecessor-version":[{"id":398,"href":"https:\/\/grupo-28.com\/en\/wp-json\/wp\/v2\/pages\/295\/revisions\/398"}],"wp:attachment":[{"href":"https:\/\/grupo-28.com\/en\/wp-json\/wp\/v2\/media?parent=295"}],"curies":[{"name":"wp","href":"https:\/\/api.w.org\/{rel}","templated":true}]}}