{"id":189,"date":"2025-10-27T13:01:07","date_gmt":"2025-10-27T20:01:07","guid":{"rendered":"https:\/\/grupo-28.playaprojects.com\/?page_id=189"},"modified":"2025-12-16T10:52:46","modified_gmt":"2025-12-16T17:52:46","slug":"oportunidades","status":"publish","type":"page","link":"https:\/\/grupo-28.com\/en\/oportunidades\/","title":{"rendered":"Oportunidades"},"content":{"rendered":"<div data-elementor-type=\"wp-page\" data-elementor-id=\"189\" class=\"elementor elementor-189\">\n\t\t\t\t<div class=\"elementor-element elementor-element-bab5489 topVideo e-flex e-con-boxed e-con e-parent\" data-id=\"bab5489\" data-element_type=\"container\" data-settings=\"{&quot;background_background&quot;:&quot;video&quot;,&quot;background_video_link&quot;:&quot;\\\/wp-content\\\/uploads\\\/olas_fondo_1.mp4&quot;,&quot;shape_divider_top&quot;:&quot;opacity-tilt&quot;}\">\n\t\t\t\t\t<div class=\"e-con-inner\">\n\t\t<div class=\"elementor-background-video-container elementor-hidden-mobile\" aria-hidden=\"true\">\n\t\t\t\t\t\t\t<video class=\"elementor-background-video-hosted\" autoplay muted playsinline loop><\/video>\n\t\t\t\t\t<\/div>\t\t<div class=\"elementor-shape elementor-shape-top\" aria-hidden=\"true\" data-negative=\"false\">\n\t\t\t<svg xmlns=\"http:\/\/www.w3.org\/2000\/svg\" viewbox=\"0 0 2600 131.1\" preserveaspectratio=\"none\">\n\t<path class=\"elementor-shape-fill\" d=\"M0 0L2600 0 2600 69.1 0 0z\"\/>\n\t<path class=\"elementor-shape-fill\" style=\"opacity:0.5\" d=\"M0 0L2600 0 2600 69.1 0 69.1z\"\/>\n\t<path class=\"elementor-shape-fill\" style=\"opacity:0.25\" d=\"M2600 0L0 0 0 130.1 2600 69.1z\"\/>\n<\/svg>\t\t<\/div>\n\t\t\t\t\t<\/div>\n\t\t\t\t<\/div>\n\t\t<div class=\"elementor-element elementor-element-5e4e0f2 e-flex e-con-boxed e-con e-parent\" data-id=\"5e4e0f2\" data-element_type=\"container\" data-settings=\"{&quot;background_background&quot;:&quot;classic&quot;}\">\n\t\t\t\t\t<div class=\"e-con-inner\">\n\t\t\t\t<div class=\"elementor-element elementor-element-9c8ac14 elementor-widget elementor-widget-text-editor\" data-id=\"9c8ac14\" data-element_type=\"widget\" data-widget_type=\"text-editor.default\">\n\t\t\t\t\t\t\t\t\t<p>Real Estate Opportunities<\/p>\t\t\t\t\t\t\t\t<\/div>\n\t\t\t\t<div class=\"elementor-element elementor-element-65931ef elementor-widget elementor-widget-text-editor\" data-id=\"65931ef\" data-element_type=\"widget\" data-widget_type=\"text-editor.default\">\n\t\t\t\t\t\t\t\t\t<div id=\"bgLayers_comp-lvfuzdkc\" class=\"MW5IWV\" data-hook=\"bgLayers\" data-motion-part=\"BG_LAYER comp-lvfuzdkc\"><div id=\"bgMedia_comp-lvfuzdkc\" class=\"VgO9Yg\" data-motion-part=\"BG_MEDIA comp-lvfuzdkc\">Playa del Carmen is positioning itself as the fastest-growing city in the country, with new connections and infrastructure. New projects include Formula 1, the Maya Train, and world-class resorts and hotels.<\/div><\/div>\t\t\t\t\t\t\t\t<\/div>\n\t\t\t\t\t<\/div>\n\t\t\t\t<\/div>\n\t\t<div class=\"elementor-element elementor-element-ae0c483 e-con-full e-flex e-con e-parent\" data-id=\"ae0c483\" data-element_type=\"container\" id=\"presidente-28\" data-settings=\"{&quot;background_background&quot;:&quot;classic&quot;}\">\n\t\t<div class=\"elementor-element elementor-element-2d97ebd e-con-full e-flex e-con e-child\" data-id=\"2d97ebd\" data-element_type=\"container\">\n\t\t<div class=\"elementor-element elementor-element-b6a03e5 e-con-full e-flex e-con e-child\" data-id=\"b6a03e5\" data-element_type=\"container\">\n\t\t\t\t<div class=\"elementor-element elementor-element-718b4b0 elementor-widget elementor-widget-image\" data-id=\"718b4b0\" data-element_type=\"widget\" data-widget_type=\"image.default\">\n\t\t\t\t\t\t\t\t\t\t\t\t\t\t\t<img fetchpriority=\"high\" decoding=\"async\" width=\"1000\" height=\"600\" src=\"https:\/\/grupo-28.com\/wp-content\/uploads\/portfino_28_logo_white.webp\" class=\"attachment-large size-large wp-image-160\" alt=\"\" \/>\t\t\t\t\t\t\t\t\t\t\t\t\t\t\t<\/div>\n\t\t\t\t<div class=\"elementor-element elementor-element-9c037b3 elementor-widget elementor-widget-text-editor\" data-id=\"9c037b3\" data-element_type=\"widget\" data-widget_type=\"text-editor.default\">\n\t\t\t\t\t\t\t\t\t<div id=\"bgLayers_comp-lvfuzdkc\" class=\"MW5IWV\" data-hook=\"bgLayers\" data-motion-part=\"BG_LAYER comp-lvfuzdkc\"><div id=\"bgMedia_comp-lvfuzdkc\" class=\"VgO9Yg\" data-motion-part=\"BG_MEDIA comp-lvfuzdkc\">Coming soon!<\/div><\/div>\t\t\t\t\t\t\t\t<\/div>\n\t\t\t\t<div class=\"elementor-element elementor-element-ae2c828 elementor-widget elementor-widget-html\" data-id=\"ae2c828\" data-element_type=\"widget\" data-widget_type=\"html.default\">\n\t\t\t\t\t<a href=\"\/en\/proyectos\/monarca-28\/\" class=\"buttonWhite\"><i class=\"fab fa-whatsapp\"><\/i> Request reports<\/a>\t\t\t\t<\/div>\n\t\t\t\t<div class=\"elementor-element elementor-element-015c591 elementor-widget elementor-widget-text-editor\" data-id=\"015c591\" data-element_type=\"widget\" data-widget_type=\"text-editor.default\">\n\t\t\t\t\t\t\t\t\t<i class=\"fas fa-building\"><\/i> Our Project:\t\t\t\t\t\t\t\t<\/div>\n\t\t\t\t<div class=\"elementor-element elementor-element-f1ecdd4 elementor-widget elementor-widget-text-editor\" data-id=\"f1ecdd4\" data-element_type=\"widget\" data-widget_type=\"text-editor.default\">\n\t\t\t\t\t\t\t\t\t<p>Portofino will be an exclusive boutique development with 1 and 2 bedroom apartments, many of them with ocean views, located just steps from 5th Avenue and 72nd Beach.&nbsp;<\/p><p>A modern, elegant project designed to offer a unique living experience in the heart of Playa del Carmen.<\/p>\t\t\t\t\t\t\t\t<\/div>\n\t\t\t\t<div class=\"elementor-element elementor-element-caced02 elementor-widget elementor-widget-text-editor\" data-id=\"caced02\" data-element_type=\"widget\" data-widget_type=\"text-editor.default\">\n\t\t\t\t\t\t\t\t\t<i class=\"fas fa-map-marker-alt\"><\/i> Location\t\t\t\t\t\t\t\t<\/div>\n\t\t\t\t<div class=\"elementor-element elementor-element-e2d1315 elementor-widget elementor-widget-text-editor\" data-id=\"e2d1315\" data-element_type=\"widget\" data-widget_type=\"text-editor.default\">\n\t\t\t\t\t\t\t\t\t<p><a href=\"https:\/\/maps.app.goo.gl\/2bXdC7qN5rfUmNsh8\" target=\"_blank\" rel=\"noopener\">10 Avenida Nte. con, Luis Donaldo Colosio, 77727 Playa del Carmen, Q.R.<\/a><\/p>\t\t\t\t\t\t\t\t<\/div>\n\t\t\t\t<\/div>\n\t\t<div class=\"elementor-element elementor-element-061707a e-con-full e-flex e-con e-child\" data-id=\"061707a\" data-element_type=\"container\">\n\t\t\t\t<div class=\"elementor-element elementor-element-8e57d5a elementor-widget elementor-widget-shortcode\" data-id=\"8e57d5a\" data-element_type=\"widget\" data-widget_type=\"shortcode.default\">\n\t\t\t\t\t\t\t<div class=\"elementor-shortcode\">    <div class=\"slick-wrapper oportunidadesSlider\" id=\"slick_69e3b6a9a6b72\">\n        <div class=\"slider-for\">\n                            <div>\n                    <img decoding=\"async\" src=\"https:\/\/grupo-28.com\/wp-content\/uploads\/portofino_28\/portofino_1.jpeg\" alt=\"\">\n                <\/div>\n                            <div>\n                    <img decoding=\"async\" src=\"https:\/\/grupo-28.com\/wp-content\/uploads\/portofino_28\/portofino_2.jpeg\" alt=\"\">\n                <\/div>\n                            <div>\n                    <img decoding=\"async\" src=\"https:\/\/grupo-28.com\/wp-content\/uploads\/portofino_28\/portofino_3.jpeg\" alt=\"\">\n                <\/div>\n                            <div>\n                    <img decoding=\"async\" src=\"https:\/\/grupo-28.com\/wp-content\/uploads\/portofino_28\/portofino_4.jpeg\" alt=\"\">\n                <\/div>\n                            <div>\n                    <img decoding=\"async\" src=\"https:\/\/grupo-28.com\/wp-content\/uploads\/portofino_28\/portofino_5.jpeg\" alt=\"\">\n                <\/div>\n                            <div>\n                    <img decoding=\"async\" src=\"https:\/\/grupo-28.com\/wp-content\/uploads\/portofino_28\/portofino_6.jpeg\" alt=\"\">\n                <\/div>\n                    <\/div>\n        <div class=\"slider-nav\">\n                            <div>\n                    <img decoding=\"async\" src=\"https:\/\/grupo-28.com\/wp-content\/uploads\/portofino_28\/portofino_1.jpeg\" alt=\"\">\n                <\/div>\n                            <div>\n                    <img decoding=\"async\" src=\"https:\/\/grupo-28.com\/wp-content\/uploads\/portofino_28\/portofino_2.jpeg\" alt=\"\">\n                <\/div>\n                            <div>\n                    <img decoding=\"async\" src=\"https:\/\/grupo-28.com\/wp-content\/uploads\/portofino_28\/portofino_3.jpeg\" alt=\"\">\n                <\/div>\n                            <div>\n                    <img decoding=\"async\" src=\"https:\/\/grupo-28.com\/wp-content\/uploads\/portofino_28\/portofino_4.jpeg\" alt=\"\">\n                <\/div>\n                            <div>\n                    <img decoding=\"async\" src=\"https:\/\/grupo-28.com\/wp-content\/uploads\/portofino_28\/portofino_5.jpeg\" alt=\"\">\n                <\/div>\n                            <div>\n                    <img decoding=\"async\" src=\"https:\/\/grupo-28.com\/wp-content\/uploads\/portofino_28\/portofino_6.jpeg\" alt=\"\">\n                <\/div>\n                    <\/div>\n    <\/div>\n\n    <script>\n    jQuery(document).ready(function($){\n        var $wrapper = $('#slick_69e3b6a9a6b72');\n        var $sliderFor = $wrapper.find('.slider-for');\n        var $sliderNav = $wrapper.find('.slider-nav');\n\n        $sliderFor.slick({\n            slidesToShow: 1,\n            slidesToScroll: 1,\n            arrows: false,\n            fade: true,\n            asNavFor: $sliderNav\n        });\n        $sliderNav.slick({\n            slidesToShow: 4,\n            slidesToScroll: 1,\n            asNavFor: $sliderFor,\n            dots: false,\n            centerMode: true,\n            focusOnSelect: true,\n            autoplay: true\n        });\n    });\n    <\/script>\n    <\/div>\n\t\t\t\t\t\t<\/div>\n\t\t\t\t<\/div>\n\t\t\t\t<\/div>\n\t\t\t\t<\/div>\n\t\t<div class=\"elementor-element elementor-element-28ec4bb e-con-full e-flex e-con e-parent\" data-id=\"28ec4bb\" data-element_type=\"container\" id=\"portofino-28\" data-settings=\"{&quot;background_background&quot;:&quot;classic&quot;}\">\n\t\t<div class=\"elementor-element elementor-element-dbaba2b e-con-full e-flex e-con e-child\" data-id=\"dbaba2b\" data-element_type=\"container\">\n\t\t<div class=\"elementor-element elementor-element-b019b48 e-con-full e-flex e-con e-child\" data-id=\"b019b48\" data-element_type=\"container\">\n\t\t\t\t<div class=\"elementor-element elementor-element-40449b2 elementor-widget elementor-widget-image\" data-id=\"40449b2\" data-element_type=\"widget\" data-widget_type=\"image.default\">\n\t\t\t\t\t\t\t\t\t\t\t\t\t\t\t<img decoding=\"async\" width=\"1000\" height=\"600\" src=\"https:\/\/grupo-28.com\/wp-content\/uploads\/presidente_28_logo_white.webp\" class=\"attachment-large size-large wp-image-159\" alt=\"\" \/>\t\t\t\t\t\t\t\t\t\t\t\t\t\t\t<\/div>\n\t\t\t\t<div class=\"elementor-element elementor-element-6c9131e elementor-widget elementor-widget-text-editor\" data-id=\"6c9131e\" data-element_type=\"widget\" data-widget_type=\"text-editor.default\">\n\t\t\t\t\t\t\t\t\t<div id=\"bgLayers_comp-lvfuzdkc\" class=\"MW5IWV\" data-hook=\"bgLayers\" data-motion-part=\"BG_LAYER comp-lvfuzdkc\"><div id=\"bgMedia_comp-lvfuzdkc\" class=\"VgO9Yg\" data-motion-part=\"BG_MEDIA comp-lvfuzdkc\">SOON<\/div><\/div>\t\t\t\t\t\t\t\t<\/div>\n\t\t\t\t<\/div>\n\t\t\t\t<\/div>\n\t\t\t\t<\/div>\n\t\t\t\t<\/div>","protected":false},"excerpt":{"rendered":"<p>Oportunidades Inmobiliarias Playa del Carmen se posiciona como la Ciudad de m\u00e1s r\u00e1pido crecimiento en el pa\u00eds, con nuevas conexiones e infraestructura.\u00a0 Nuevos proyectos como la F1, Tren Maya, Resorts y Hoteles de Marca Mundial. \u00a1Muy pronto disponible! Solicitar informes Nuestro Proyecto: Portofino ser\u00e1 un exclusivo desarrollo boutique con departamentos de 1 y 2 rec\u00e1maras, [&hellip;]<\/p>","protected":false},"author":1,"featured_media":0,"parent":0,"menu_order":0,"comment_status":"closed","ping_status":"closed","template":"","meta":{"footnotes":""},"class_list":["post-189","page","type-page","status-publish","hentry"],"yoast_head":"<!-- This site is optimized with the Yoast SEO plugin v27.1.1 - https:\/\/yoast.com\/product\/yoast-seo-wordpress\/ -->\n<title>Oportunidades - Grupo 28<\/title>\n<meta name=\"robots\" content=\"index, follow, max-snippet:-1, max-image-preview:large, max-video-preview:-1\" \/>\n<link rel=\"canonical\" href=\"https:\/\/grupo-28.com\/en\/oportunidades\/\" \/>\n<meta property=\"og:locale\" content=\"en_US\" \/>\n<meta property=\"og:type\" content=\"article\" \/>\n<meta property=\"og:title\" content=\"Oportunidades - Grupo 28\" \/>\n<meta property=\"og:description\" content=\"Oportunidades Inmobiliarias Playa del Carmen se posiciona como la Ciudad de m\u00e1s r\u00e1pido crecimiento en el pa\u00eds, con nuevas conexiones e infraestructura.\u00a0 Nuevos proyectos como la F1, Tren Maya, Resorts y Hoteles de Marca Mundial. \u00a1Muy pronto disponible! Solicitar informes Nuestro Proyecto: Portofino ser\u00e1 un exclusivo desarrollo boutique con departamentos de 1 y 2 rec\u00e1maras, [&hellip;]\" \/>\n<meta property=\"og:url\" content=\"https:\/\/grupo-28.com\/en\/oportunidades\/\" \/>\n<meta property=\"og:site_name\" content=\"Grupo 28\" \/>\n<meta property=\"article:modified_time\" content=\"2025-12-16T17:52:46+00:00\" \/>\n<meta property=\"og:image\" content=\"https:\/\/grupo-28.playaprojects.com\/wp-content\/uploads\/portfino_28_logo_white.webp\" \/>\n<meta name=\"twitter:card\" content=\"summary_large_image\" \/>\n<meta name=\"twitter:label1\" content=\"Est. reading time\" \/>\n\t<meta name=\"twitter:data1\" content=\"1 minute\" \/>\n<script type=\"application\/ld+json\" class=\"yoast-schema-graph\">{\"@context\":\"https:\/\/schema.org\",\"@graph\":[{\"@type\":\"WebPage\",\"@id\":\"https:\/\/grupo-28.com\/oportunidades\/\",\"url\":\"https:\/\/grupo-28.com\/oportunidades\/\",\"name\":\"Oportunidades - Grupo 28\",\"isPartOf\":{\"@id\":\"https:\/\/grupo-28.com\/#website\"},\"primaryImageOfPage\":{\"@id\":\"https:\/\/grupo-28.com\/oportunidades\/#primaryimage\"},\"image\":{\"@id\":\"https:\/\/grupo-28.com\/oportunidades\/#primaryimage\"},\"thumbnailUrl\":\"https:\/\/grupo-28.playaprojects.com\/wp-content\/uploads\/portfino_28_logo_white.webp\",\"datePublished\":\"2025-10-27T20:01:07+00:00\",\"dateModified\":\"2025-12-16T17:52:46+00:00\",\"breadcrumb\":{\"@id\":\"https:\/\/grupo-28.com\/oportunidades\/#breadcrumb\"},\"inLanguage\":\"en-US\",\"potentialAction\":[{\"@type\":\"ReadAction\",\"target\":[\"https:\/\/grupo-28.com\/oportunidades\/\"]}]},{\"@type\":\"ImageObject\",\"inLanguage\":\"en-US\",\"@id\":\"https:\/\/grupo-28.com\/oportunidades\/#primaryimage\",\"url\":\"https:\/\/grupo-28.playaprojects.com\/wp-content\/uploads\/portfino_28_logo_white.webp\",\"contentUrl\":\"https:\/\/grupo-28.playaprojects.com\/wp-content\/uploads\/portfino_28_logo_white.webp\"},{\"@type\":\"BreadcrumbList\",\"@id\":\"https:\/\/grupo-28.com\/oportunidades\/#breadcrumb\",\"itemListElement\":[{\"@type\":\"ListItem\",\"position\":1,\"name\":\"Inicio\",\"item\":\"https:\/\/grupo-28.com\/\"},{\"@type\":\"ListItem\",\"position\":2,\"name\":\"Oportunidades\"}]},{\"@type\":\"WebSite\",\"@id\":\"https:\/\/grupo-28.com\/#website\",\"url\":\"https:\/\/grupo-28.com\/\",\"name\":\"Grupo 28\",\"description\":\"Rentabilidad hoy, plusval\u00eda ma\u00f1ana.\",\"publisher\":{\"@id\":\"https:\/\/grupo-28.com\/#organization\"},\"alternateName\":\"Grupo 28\",\"potentialAction\":[{\"@type\":\"SearchAction\",\"target\":{\"@type\":\"EntryPoint\",\"urlTemplate\":\"https:\/\/grupo-28.com\/?s={search_term_string}\"},\"query-input\":{\"@type\":\"PropertyValueSpecification\",\"valueRequired\":true,\"valueName\":\"search_term_string\"}}],\"inLanguage\":\"en-US\"},{\"@type\":\"Organization\",\"@id\":\"https:\/\/grupo-28.com\/#organization\",\"name\":\"Grupo 28\",\"alternateName\":\"Grupo 28\",\"url\":\"https:\/\/grupo-28.com\/\",\"logo\":{\"@type\":\"ImageObject\",\"inLanguage\":\"en-US\",\"@id\":\"https:\/\/grupo-28.com\/#\/schema\/logo\/image\/\",\"url\":\"https:\/\/grupo-28.com\/wp-content\/uploads\/grupo28-ogp.jpg\",\"contentUrl\":\"https:\/\/grupo-28.com\/wp-content\/uploads\/grupo28-ogp.jpg\",\"width\":1200,\"height\":1200,\"caption\":\"Grupo 28\"},\"image\":{\"@id\":\"https:\/\/grupo-28.com\/#\/schema\/logo\/image\/\"},\"sameAs\":[\"https:\/\/www.instagram.com\/grup028\"]}]}<\/script>\n<!-- \/ Yoast SEO plugin. -->","yoast_head_json":{"title":"Oportunidades - Grupo 28","robots":{"index":"index","follow":"follow","max-snippet":"max-snippet:-1","max-image-preview":"max-image-preview:large","max-video-preview":"max-video-preview:-1"},"canonical":"https:\/\/grupo-28.com\/en\/oportunidades\/","og_locale":"en_US","og_type":"article","og_title":"Oportunidades - Grupo 28","og_description":"Oportunidades Inmobiliarias Playa del Carmen se posiciona como la Ciudad de m\u00e1s r\u00e1pido crecimiento en el pa\u00eds, con nuevas conexiones e infraestructura.\u00a0 Nuevos proyectos como la F1, Tren Maya, Resorts y Hoteles de Marca Mundial. \u00a1Muy pronto disponible! Solicitar informes Nuestro Proyecto: Portofino ser\u00e1 un exclusivo desarrollo boutique con departamentos de 1 y 2 rec\u00e1maras, [&hellip;]","og_url":"https:\/\/grupo-28.com\/en\/oportunidades\/","og_site_name":"Grupo 28","article_modified_time":"2025-12-16T17:52:46+00:00","og_image":[{"url":"https:\/\/grupo-28.playaprojects.com\/wp-content\/uploads\/portfino_28_logo_white.webp","type":"","width":"","height":""}],"twitter_card":"summary_large_image","twitter_misc":{"Est. reading time":"1 minute"},"schema":{"@context":"https:\/\/schema.org","@graph":[{"@type":"WebPage","@id":"https:\/\/grupo-28.com\/oportunidades\/","url":"https:\/\/grupo-28.com\/oportunidades\/","name":"Oportunidades - Grupo 28","isPartOf":{"@id":"https:\/\/grupo-28.com\/#website"},"primaryImageOfPage":{"@id":"https:\/\/grupo-28.com\/oportunidades\/#primaryimage"},"image":{"@id":"https:\/\/grupo-28.com\/oportunidades\/#primaryimage"},"thumbnailUrl":"https:\/\/grupo-28.playaprojects.com\/wp-content\/uploads\/portfino_28_logo_white.webp","datePublished":"2025-10-27T20:01:07+00:00","dateModified":"2025-12-16T17:52:46+00:00","breadcrumb":{"@id":"https:\/\/grupo-28.com\/oportunidades\/#breadcrumb"},"inLanguage":"en-US","potentialAction":[{"@type":"ReadAction","target":["https:\/\/grupo-28.com\/oportunidades\/"]}]},{"@type":"ImageObject","inLanguage":"en-US","@id":"https:\/\/grupo-28.com\/oportunidades\/#primaryimage","url":"https:\/\/grupo-28.playaprojects.com\/wp-content\/uploads\/portfino_28_logo_white.webp","contentUrl":"https:\/\/grupo-28.playaprojects.com\/wp-content\/uploads\/portfino_28_logo_white.webp"},{"@type":"BreadcrumbList","@id":"https:\/\/grupo-28.com\/oportunidades\/#breadcrumb","itemListElement":[{"@type":"ListItem","position":1,"name":"Inicio","item":"https:\/\/grupo-28.com\/"},{"@type":"ListItem","position":2,"name":"Oportunidades"}]},{"@type":"WebSite","@id":"https:\/\/grupo-28.com\/#website","url":"https:\/\/grupo-28.com\/","name":"Grupo 28","description":"Rentabilidad hoy, plusval\u00eda ma\u00f1ana.","publisher":{"@id":"https:\/\/grupo-28.com\/#organization"},"alternateName":"Grupo 28","potentialAction":[{"@type":"SearchAction","target":{"@type":"EntryPoint","urlTemplate":"https:\/\/grupo-28.com\/?s={search_term_string}"},"query-input":{"@type":"PropertyValueSpecification","valueRequired":true,"valueName":"search_term_string"}}],"inLanguage":"en-US"},{"@type":"Organization","@id":"https:\/\/grupo-28.com\/#organization","name":"Grupo 28","alternateName":"Grupo 28","url":"https:\/\/grupo-28.com\/","logo":{"@type":"ImageObject","inLanguage":"en-US","@id":"https:\/\/grupo-28.com\/#\/schema\/logo\/image\/","url":"https:\/\/grupo-28.com\/wp-content\/uploads\/grupo28-ogp.jpg","contentUrl":"https:\/\/grupo-28.com\/wp-content\/uploads\/grupo28-ogp.jpg","width":1200,"height":1200,"caption":"Grupo 28"},"image":{"@id":"https:\/\/grupo-28.com\/#\/schema\/logo\/image\/"},"sameAs":["https:\/\/www.instagram.com\/grup028"]}]}},"_links":{"self":[{"href":"https:\/\/grupo-28.com\/en\/wp-json\/wp\/v2\/pages\/189","targetHints":{"allow":["GET"]}}],"collection":[{"href":"https:\/\/grupo-28.com\/en\/wp-json\/wp\/v2\/pages"}],"about":[{"href":"https:\/\/grupo-28.com\/en\/wp-json\/wp\/v2\/types\/page"}],"author":[{"embeddable":true,"href":"https:\/\/grupo-28.com\/en\/wp-json\/wp\/v2\/users\/1"}],"replies":[{"embeddable":true,"href":"https:\/\/grupo-28.com\/en\/wp-json\/wp\/v2\/comments?post=189"}],"version-history":[{"count":94,"href":"https:\/\/grupo-28.com\/en\/wp-json\/wp\/v2\/pages\/189\/revisions"}],"predecessor-version":[{"id":518,"href":"https:\/\/grupo-28.com\/en\/wp-json\/wp\/v2\/pages\/189\/revisions\/518"}],"wp:attachment":[{"href":"https:\/\/grupo-28.com\/en\/wp-json\/wp\/v2\/media?parent=189"}],"curies":[{"name":"wp","href":"https:\/\/api.w.org\/{rel}","templated":true}]}}